{"id":1228,"date":"2021-04-07T05:21:18","date_gmt":"2021-04-07T05:21:18","guid":{"rendered":"http:\/\/54.196.160.69\/?page_id=1228"},"modified":"2021-09-15T22:16:44","modified_gmt":"2021-09-16T02:16:44","slug":"apdm","status":"publish","type":"page","link":"https:\/\/afdamericas.com\/?page_id=1228","title":{"rendered":"APDM"},"content":{"rendered":"<p>[et_pb_section fb_built=&#8221;1&#8243; _builder_version=&#8221;4.7.7&#8243; _module_preset=&#8221;default&#8221; background_color=&#8221;rgba(0,0,0,0)&#8221; custom_padding=&#8221;11px|||||&#8221;][et_pb_row column_structure=&#8221;1_3,1_3,1_3&#8243; _builder_version=&#8221;4.7.7&#8243; _module_preset=&#8221;default&#8221;][et_pb_column type=&#8221;1_3&#8243; _builder_version=&#8221;4.7.7&#8243; _module_preset=&#8221;default&#8221;][et_pb_text _builder_version=&#8221;4.7.7&#8243; _module_preset=&#8221;default&#8221; header_2_line_height=&#8221;1.4em&#8221;]<\/p>\n<div class=\"aux-parallax-section elementor-element elementor-element-28d7d5a elementor-column elementor-col-50 elementor-top-column\" data-id=\"28d7d5a\" data-element_type=\"column\">\n<div class=\"elementor-column-wrap  elementor-element-populated\">\n<div class=\"elementor-widget-wrap\">\n<div class=\"elementor-element elementor-element-be5465f elementor-widget elementor-widget-text-editor\" data-id=\"be5465f\" data-element_type=\"widget\" data-widget_type=\"text-editor.default\">\n<div class=\"elementor-widget-container\">\n<div class=\"elementor-text-editor elementor-clearfix\">\n<h2>Opal es la tecnolog\u00eda fundamental en todas nuestras soluciones.<\/h2>\n<p>Si bien puede personalizar un sistema de cualquier tama\u00f1o, tenemos algunas soluciones est\u00e1ndar para elegir:<\/p>\n<h3>Motion Studio:<\/h3>\n<p>Este es nuestro software de adquisici\u00f3n de datos gratuito, perfect for those who want to develop their own protocols and algorithms. Siga desplaz\u00e1ndose para obtener m\u00e1s informaci\u00f3n sobre esta soluci\u00f3n.<\/p>\n<p>&nbsp;<\/p>\n<h3>mobility lab:<\/h3>\n<p>This is for those who want to measure gait and spatial balance \/ temporal. With much, nuestro sistema m\u00e1s popular, obtenga m\u00e1s informaci\u00f3n en la pesta\u00f1a Marcha y equilibrio de arriba.<\/p>\n<p>&nbsp;<\/p>\n<h3>I'm moving Explorer:<\/h3>\n<p>Nuestro producto m\u00e1s nuevo, es para aquellos que desean medir la cinem\u00e1tica de cuerpo completo en entornos sin restricciones. \u00bfEst\u00e1 interesado en el an\u00e1lisis automatizado del \u00e1ngulo de las articulaciones?<\/p>\n<\/div>\n<\/div>\n<\/div>\n<\/div>\n<\/div>\n<\/div>\n<p>[\/et_pb_text][\/et_pb_column][et_pb_column _builder_version=&#8221;4.7.7&#8243; _module_preset=&#8221;default&#8221; type=&#8221;1_3&#8243;][\/et_pb_column][et_pb_column type=&#8221;1_3&#8243; _builder_version=&#8221;4.7.7&#8243; _module_preset=&#8221;default&#8221;][et_pb_video src=&#8221;https:\/\/www.youtube.com\/watch?v=OUb3fgEm6S0&#8243; _builder_version=&#8221;4.7.7&#8243; _module_preset=&#8221;default&#8221; hover_enabled=&#8221;0&#8243; sticky_enabled=&#8221;0&#8243;][\/et_pb_video][et_pb_video src=&#8221;https:\/\/www.youtube.com\/watch?v=JxmZpQ62mg4&#8243; _builder_version=&#8221;4.7.7&#8243; _module_preset=&#8221;default&#8221; hover_enabled=&#8221;0&#8243; sticky_enabled=&#8221;0&#8243;][\/et_pb_video][et_pb_video src=&#8221;https:\/\/www.youtube.com\/watch?v=dXVs49cLJD4&#8243; _builder_version=&#8221;4.7.7&#8243; _module_preset=&#8221;default&#8221; hover_enabled=&#8221;0&#8243; sticky_enabled=&#8221;0&#8243;][\/et_pb_video][\/et_pb_column][\/et_pb_row][et_pb_row _builder_version=&#8221;4.7.7&#8243; _module_preset=&#8221;default&#8221;][et_pb_column type=&#8221;4_4&#8243; _builder_version=&#8221;4.7.7&#8243; _module_preset=&#8221;default&#8221;][\/et_pb_column][\/et_pb_row][\/et_pb_section]<\/p>\n","protected":false},"excerpt":{"rendered":"<p>[et_pb_section fb_built=&#8221;1&#8243; _builder_version=&#8221;4.7.7&#8243; _module_preset=&#8221;default&#8221; background_color=&#8221;rgba(0,0,0,0)&#8221; custom_padding=&#8221;11px|||||&#8221;][et_pb_row column_structure=&#8221;1_3,1_3,1_3&#8243; _builder_version=&#8221;4.7.7&#8243; _module_preset=&#8221;default&#8221;][et_pb_column type=&#8221;1_3&#8243; _builder_version=&#8221;4.7.7&#8243; _module_preset=&#8221;default&#8221;][et_pb_text _builder_version=&#8221;4.7.7&#8243; _module_preset=&#8221;default&#8221; header_2_line_height=&#8221;1.4em&#8221;] Opal es la tecnolog\u00eda fundamental en todas nuestras soluciones. Si bien puede personalizar un sistema de cualquier tama\u00f1o, tenemos algunas soluciones est\u00e1ndar para elegir: Motion Studio: Este es nuestro software de adquisici\u00f3n de datos gratuito, perfecto para aquellos que desean [&hellip;]<\/p>\n","protected":false},"author":3,"featured_media":0,"parent":0,"menu_order":0,"comment_status":"closed","ping_status":"closed","template":"","meta":{"_et_pb_use_builder":"on","_et_pb_old_content":"","_et_gb_content_width":"","footnotes":""},"class_list":["post-1228","page","type-page","status-publish","hentry"],"_links":{"self":[{"href":"https:\/\/afdamericas.com\/index.php?rest_route=\/wp\/v2\/pages\/1228","targetHints":{"allow":["GET"]}}],"collection":[{"href":"https:\/\/afdamericas.com\/index.php?rest_route=\/wp\/v2\/pages"}],"about":[{"href":"https:\/\/afdamericas.com\/index.php?rest_route=\/wp\/v2\/types\/page"}],"author":[{"embeddable":true,"href":"https:\/\/afdamericas.com\/index.php?rest_route=\/wp\/v2\/users\/3"}],"replies":[{"embeddable":true,"href":"https:\/\/afdamericas.com\/index.php?rest_route=%2Fwp%2Fv2%2Fcomments&post=1228"}],"version-history":[{"count":5,"href":"https:\/\/afdamericas.com\/index.php?rest_route=\/wp\/v2\/pages\/1228\/revisions"}],"predecessor-version":[{"id":2262,"href":"https:\/\/afdamericas.com\/index.php?rest_route=\/wp\/v2\/pages\/1228\/revisions\/2262"}],"wp:attachment":[{"href":"https:\/\/afdamericas.com\/index.php?rest_route=%2Fwp%2Fv2%2Fmedia&parent=1228"}],"curies":[{"name":"wp","href":"https:\/\/api.w.org\/{rel}","templated":true}]}}