{"id":1859,"date":"2021-06-23T02:31:35","date_gmt":"2021-06-23T02:31:35","guid":{"rendered":"https:\/\/dev.afd-chile.cl\/?page_id=1859"},"modified":"2021-07-17T17:06:51","modified_gmt":"2021-07-17T17:06:51","slug":"mstim","status":"publish","type":"page","link":"https:\/\/afdamericas.com\/?page_id=1859","title":{"rendered":"MStim"},"content":{"rendered":"<p>[et_pb_section fb_built=&#8221;1&#8243; _builder_version=&#8221;4.7.7&#8243; _module_preset=&#8221;default&#8221;][et_pb_row _builder_version=&#8221;4.7.7&#8243; _module_preset=&#8221;default&#8221;][et_pb_column type=&#8221;4_4&#8243; _builder_version=&#8221;4.7.7&#8243; _module_preset=&#8221;default&#8221;][et_pb_text _builder_version=&#8221;4.7.7&#8243; _module_preset=&#8221;default&#8221;]<\/p>\n<h4><span style=\"color: #33cccc;\"><strong>MStim Drop LGT-233<\/strong><\/span><\/h4>\n<p style=\"text-align: justify;\">El MStim Drop LGT-233 es un dispositivo para la de ca\u00edda del pie que se puede llevar puesto, que consiste principalmente en una unidad de estimulaci\u00f3n, la aplicaci\u00f3n mobil MStim Drop, , electrodes and a bandage to attach it to the leg.<\/p>\n<p>[\/et_pb_text][\/et_pb_column][\/et_pb_row][et_pb_row _builder_version=&#8221;4.7.7&#8243; _module_preset=&#8221;default&#8221;][et_pb_column type=&#8221;4_4&#8243; _builder_version=&#8221;4.7.7&#8243; _module_preset=&#8221;default&#8221;][et_pb_image src=&#8221;https:\/\/afdamericas.com\/wp-content\/uploads\/2021\/07\/01-1.png&#8221; title_text=&#8221;01&#8243; align=&#8221;center&#8221; _builder_version=&#8221;4.7.7&#8243; _module_preset=&#8221;default&#8221;][\/et_pb_image][\/et_pb_column][\/et_pb_row][et_pb_row _builder_version=&#8221;4.7.7&#8243; _module_preset=&#8221;default&#8221;][et_pb_column type=&#8221;4_4&#8243; _builder_version=&#8221;4.7.7&#8243; _module_preset=&#8221;default&#8221;][et_pb_text _builder_version=&#8221;4.7.7&#8243; _module_preset=&#8221;default&#8221;]<\/p>\n<p style=\"text-align: justify;\">Using the principle of FES, destinado a proporcionar dorsiflexi\u00f3n del tobillo en personas adultas y pedi\u00e1tricas que tienen pie ca\u00eddo despu\u00e9s de una lesi\u00f3n o enfermedad del Sistema neuromotor superior. During the swing phase of gait, estimula el\u00e9ctricamente los m\u00fasculos de la parte inferior de la pierna afectada para proporcionar dorsiflexi\u00f3n del pie. May improve gait, facilitar la reeducaci\u00f3n muscular, prevent or delay disuse atrophy, maintain or increase the range of motion of the joints, disminuir el dolor y aumentar el flujo sangu\u00edneo local.<\/p>\n<p>[\/et_pb_text][\/et_pb_column][\/et_pb_row][et_pb_row _builder_version=&#8221;4.7.7&#8243; _module_preset=&#8221;default&#8221;][et_pb_column type=&#8221;4_4&#8243; _builder_version=&#8221;4.7.7&#8243; _module_preset=&#8221;default&#8221;][et_pb_image src=&#8221;https:\/\/afdamericas.com\/wp-content\/uploads\/2021\/07\/02.png&#8221; title_text=&#8221;02&#8243; align=&#8221;center&#8221; _builder_version=&#8221;4.7.7&#8243; _module_preset=&#8221;default&#8221; max_height=&#8221;250px&#8221;][\/et_pb_image][\/et_pb_column][\/et_pb_row][et_pb_row column_structure=&#8221;3_5,2_5&#8243; _builder_version=&#8221;4.7.7&#8243; _module_preset=&#8221;default&#8221;][et_pb_column type=&#8221;3_5&#8243; _builder_version=&#8221;4.7.7&#8243; _module_preset=&#8221;default&#8221;][et_pb_text _builder_version=&#8221;4.7.7&#8243; _module_preset=&#8221;default&#8221;]<\/p>\n<h4><span style=\"color: #33cccc;\"><strong>It has two modes of treatment, training mode and walking mode. <\/strong><\/span><\/h4>\n<p style=\"text-align: justify;\">El modo caminar es una estimulaci\u00f3n el\u00e9ctrica que se realiza mientras se camina para restaurar la funci\u00f3n neuromotora; Can help maintain a normal gait when walking, estimular al caminar y el entrenamiento repetido dejar\u00e1 huellas en la corteza cerebral. At the same time, retroalimentar\u00e1 al sistema nervioso central y restaurar\u00e1 la funci\u00f3n neuromotora del cerebro.<\/p>\n<p>[\/et_pb_text][\/et_pb_column][et_pb_column type=&#8221;2_5&#8243; _builder_version=&#8221;4.7.7&#8243; _module_preset=&#8221;default&#8221;][et_pb_image src=&#8221;https:\/\/afdamericas.com\/wp-content\/uploads\/2021\/07\/03.png&#8221; title_text=&#8221;03&#8243; align=&#8221;center&#8221; _builder_version=&#8221;4.7.7&#8243; _module_preset=&#8221;default&#8221;][\/et_pb_image][\/et_pb_column][\/et_pb_row][et_pb_row column_structure=&#8221;1_4,3_4&#8243; _builder_version=&#8221;4.7.7&#8243; _module_preset=&#8221;default&#8221;][et_pb_column type=&#8221;1_4&#8243; _builder_version=&#8221;4.7.7&#8243; _module_preset=&#8221;default&#8221;][et_pb_image src=&#8221;https:\/\/afdamericas.com\/wp-content\/uploads\/2021\/07\/04.jpeg&#8221; title_text=&#8221;04&#8243; _builder_version=&#8221;4.7.7&#8243; _module_preset=&#8221;default&#8221;][\/et_pb_image][\/et_pb_column][et_pb_column type=&#8221;3_4&#8243; _builder_version=&#8221;4.7.7&#8243; _module_preset=&#8221;default&#8221;][et_pb_text _builder_version=&#8221;4.7.7&#8243; _module_preset=&#8221;default&#8221;]<\/p>\n<p style=\"text-align: justify;\">El modo de entrenamiento es la transici\u00f3n del entrenamiento pasivo al entrenamiento para caminar para pacientes que no pueden realizar un entrenamiento activo. This mode can be selected for sitting or lying muscle training, para acelerar la recuperaci\u00f3n muscular, delay atrophy of the injured calf, mantener y mejorar el rango de movimiento en el tobillo y mejorar la circulaci\u00f3n sangu\u00ednea local.<\/p>\n<p>[\/et_pb_text][\/et_pb_column][\/et_pb_row][et_pb_row _builder_version=&#8221;4.7.7&#8243; _module_preset=&#8221;default&#8221; hover_enabled=&#8221;0&#8243; cvdb_content_visibility_check=&#8221;is_user_logged_in()&#8221; sticky_enabled=&#8221;0&#8243;][et_pb_column type=&#8221;4_4&#8243; _builder_version=&#8221;4.7.7&#8243; _module_preset=&#8221;default&#8221;][et_pb_button button_url=&#8221;@ET-DC@eyJkeW5hbWljIjp0cnVlLCJjb250ZW50IjoicG9zdF9saW5rX3VybF9hdHRhY2htZW50Iiwic2V0dGluZ3MiOnsicG9zdF9pZCI6IjIwMzEifX0=@&#8221; button_text=&#8221;Descargar folleto&#8221; _builder_version=&#8221;4.7.7&#8243; _dynamic_attributes=&#8221;button_url&#8221; _module_preset=&#8221;default&#8221; custom_button=&#8221;on&#8221; button_text_size=&#8221;14px&#8221; button_text_color=&#8221;#ffffff&#8221; button_bg_color=&#8221;#1fd7e0&#8243;][\/et_pb_button][\/et_pb_column][\/et_pb_row][\/et_pb_section]<\/p>\n","protected":false},"excerpt":{"rendered":"<p>[et_pb_section fb_built=&#8221;1&#8243; _builder_version=&#8221;4.7.7&#8243; _module_preset=&#8221;default&#8221;][et_pb_row _builder_version=&#8221;4.7.7&#8243; _module_preset=&#8221;default&#8221;][et_pb_column type=&#8221;4_4&#8243; _builder_version=&#8221;4.7.7&#8243; _module_preset=&#8221;default&#8221;][et_pb_text _builder_version=&#8221;4.7.7&#8243; _module_preset=&#8221;default&#8221;] MStim Drop LGT-233 El MStim Drop LGT-233 es un dispositivo para la de ca\u00edda del pie que se puede llevar puesto, que consiste principalmente en una unidad de estimulaci\u00f3n, la aplicaci\u00f3n mobil MStim Drop, , electrodes and a bandage to attach it to the leg. [&hellip;]<\/p>\n","protected":false},"author":4,"featured_media":0,"parent":0,"menu_order":0,"comment_status":"closed","ping_status":"closed","template":"","meta":{"_et_pb_use_builder":"on","_et_pb_old_content":"<!-- wp:divi\/placeholder \/-->","_et_gb_content_width":"","footnotes":""},"class_list":["post-1859","page","type-page","status-publish","hentry"],"_links":{"self":[{"href":"https:\/\/afdamericas.com\/index.php?rest_route=\/wp\/v2\/pages\/1859","targetHints":{"allow":["GET"]}}],"collection":[{"href":"https:\/\/afdamericas.com\/index.php?rest_route=\/wp\/v2\/pages"}],"about":[{"href":"https:\/\/afdamericas.com\/index.php?rest_route=\/wp\/v2\/types\/page"}],"author":[{"embeddable":true,"href":"https:\/\/afdamericas.com\/index.php?rest_route=\/wp\/v2\/users\/4"}],"replies":[{"embeddable":true,"href":"https:\/\/afdamericas.com\/index.php?rest_route=%2Fwp%2Fv2%2Fcomments&post=1859"}],"version-history":[{"count":6,"href":"https:\/\/afdamericas.com\/index.php?rest_route=\/wp\/v2\/pages\/1859\/revisions"}],"predecessor-version":[{"id":2120,"href":"https:\/\/afdamericas.com\/index.php?rest_route=\/wp\/v2\/pages\/1859\/revisions\/2120"}],"wp:attachment":[{"href":"https:\/\/afdamericas.com\/index.php?rest_route=%2Fwp%2Fv2%2Fmedia&parent=1859"}],"curies":[{"name":"wp","href":"https:\/\/api.w.org\/{rel}","templated":true}]}}