{"id":1873,"date":"2021-06-23T02:44:32","date_gmt":"2021-06-23T02:44:32","guid":{"rendered":"https:\/\/dev.afd-chile.cl\/?page_id=1873"},"modified":"2021-07-28T21:12:03","modified_gmt":"2021-07-29T01:12:03","slug":"retouch","status":"publish","type":"page","link":"https:\/\/afdamericas.com\/?page_id=1873","title":{"rendered":"Retouch"},"content":{"rendered":"<p>[et_pb_section fb_built=&#8221;1&#8243; _builder_version=&#8221;4.7.7&#8243; _module_preset=&#8221;default&#8221;][et_pb_row _builder_version=&#8221;4.7.7&#8243; _module_preset=&#8221;default&#8221;][et_pb_column type=&#8221;4_4&#8243; _builder_version=&#8221;4.7.7&#8243; _module_preset=&#8221;default&#8221;][et_pb_image src=&#8221;https:\/\/afdamericas.com\/wp-content\/uploads\/2021\/07\/01-3.png&#8221; title_text=&#8221;01&#8243; _builder_version=&#8221;4.7.7&#8243; _module_preset=&#8221;default&#8221;][\/et_pb_image][\/et_pb_column][\/et_pb_row][et_pb_row _builder_version=&#8221;4.7.7&#8243; _module_preset=&#8221;default&#8221; custom_padding=&#8221;0px|||||&#8221;][et_pb_column type=&#8221;4_4&#8243; _builder_version=&#8221;4.7.7&#8243; _module_preset=&#8221;default&#8221;][et_pb_text _builder_version=&#8221;4.7.7&#8243; _module_preset=&#8221;default&#8221;]<\/p>\n<p style=\"text-align: center;\"><em>Ayuda a acelerar la recuperaci\u00f3n motora y cognitiva con ReTouch para rehabilitaci\u00f3n.<\/em><span>\u00a0<\/span><\/p>\n<p style=\"text-align: justify;\">ReTouch es un sistema de juego de rehabilitaci\u00f3n de pantalla t\u00e1ctil de \u00faltima generaci\u00f3n que est\u00e1 dise\u00f1ado para ayudar a las personas a acelerar la recuperaci\u00f3n motora, improve strength and improve cognitive and visual acuity. <span>Cargado con m\u00e1s de 20 interactive games, ReTouch se involucra de manera \u00fanica con desaf\u00edos f\u00edsicos y mentales.<\/span><\/p>\n<p>[\/et_pb_text][\/et_pb_column][\/et_pb_row][et_pb_row _builder_version=&#8221;4.7.7&#8243; _module_preset=&#8221;default&#8221; custom_padding=&#8221;0px|||||&#8221;][et_pb_column type=&#8221;4_4&#8243; _builder_version=&#8221;4.7.7&#8243; _module_preset=&#8221;default&#8221;][et_pb_image src=&#8221;https:\/\/afdamericas.com\/wp-content\/uploads\/2021\/07\/03-2.png&#8221; title_text=&#8221;03&#8243; _builder_version=&#8221;4.7.7&#8243; _module_preset=&#8221;default&#8221;][\/et_pb_image][\/et_pb_column][\/et_pb_row][et_pb_row _builder_version=&#8221;4.7.7&#8243; _module_preset=&#8221;default&#8221; custom_margin=&#8221;-47px|auto||auto||&#8221;][et_pb_column type=&#8221;4_4&#8243; _builder_version=&#8221;4.7.7&#8243; _module_preset=&#8221;default&#8221;][et_pb_text _builder_version=&#8221;4.7.7&#8243; _module_preset=&#8221;default&#8221;]<\/p>\n<p style=\"text-align: center;\"><em>Los pacientes que utilizan la terapia ReTouch recuperan la funci\u00f3n m\u00e1s r\u00e1pido.<\/em><\/p>\n<p><span>Los pacientes que utilizan ReTouch informan que dedican m\u00e1s tiempo a sus ejercicios y recuperan la funci\u00f3n m\u00e1s r\u00e1pido que la fisioterapia tradicional. El sistema ofrece a los pacientes la flexibilidad de jugar mientras est\u00e1n sentados o de pie para lograr una variedad de objetivos funcionales para recuperarse de una lesi\u00f3n o enfermedad del sistema nervioso.<\/span><\/p>\n<p>[\/et_pb_text][\/et_pb_column][\/et_pb_row][et_pb_row column_structure=&#8221;1_3,1_3,1_3&#8243; _builder_version=&#8221;4.7.7&#8243; _module_preset=&#8221;default&#8221;][et_pb_column type=&#8221;1_3&#8243; _builder_version=&#8221;4.7.7&#8243; _module_preset=&#8221;default&#8221;][et_pb_text _builder_version=&#8221;4.7.7&#8243; _module_preset=&#8221;default&#8221;]<\/p>\n<h4><span style=\"color: #33cccc;\"><strong>Cognitive<\/strong><\/span><\/h4>\n<p><span>Atenci\u00f3n y enfoque<\/span><\/p>\n<p><span>Memory<\/span><\/p>\n<p><span>Planificaci\u00f3n y resoluci\u00f3n de problemas<\/span><\/p>\n<p>[\/et_pb_text][\/et_pb_column][et_pb_column type=&#8221;1_3&#8243; _builder_version=&#8221;4.7.7&#8243; _module_preset=&#8221;default&#8221;][et_pb_text _builder_version=&#8221;4.7.7&#8243; _module_preset=&#8221;default&#8221;]<\/p>\n<h4 style=\"text-align: center;\"><span style=\"color: #33cccc;\"><strong>Visual<\/strong><\/span><\/h4>\n<p style=\"text-align: center;\"><span>spatial carelessness<\/span><\/p>\n<p style=\"text-align: center;\"><span>Campo visual<\/span><\/p>\n<p style=\"text-align: center;\">vision scan<\/p>\n<p>[\/et_pb_text][\/et_pb_column][et_pb_column type=&#8221;1_3&#8243; _builder_version=&#8221;4.7.7&#8243; _module_preset=&#8221;default&#8221;][et_pb_text _builder_version=&#8221;4.7.7&#8243; _module_preset=&#8221;default&#8221;]<\/p>\n<h4 style=\"text-align: right;\"><span style=\"color: #33cccc;\"><strong>F\u00edsico<\/strong><\/span><\/h4>\n<p style=\"text-align: right;\"><span>Rango y precisi\u00f3n de movimiento<\/span><\/p>\n<p style=\"text-align: right;\"><span>Strength<\/span><\/p>\n<p style=\"text-align: right;\"><span>Endurance<\/span><\/p>\n<p>[\/et_pb_text][\/et_pb_column][\/et_pb_row][et_pb_row column_structure=&#8221;1_2,1_2&#8243; _builder_version=&#8221;4.7.7&#8243; _module_preset=&#8221;default&#8221;][et_pb_column type=&#8221;1_2&#8243; _builder_version=&#8221;4.7.7&#8243; _module_preset=&#8221;default&#8221;][et_pb_image src=&#8221;https:\/\/afdamericas.com\/wp-content\/uploads\/2021\/07\/02-2.png&#8221; title_text=&#8221;02&#8243; _builder_version=&#8221;4.7.7&#8243; _module_preset=&#8221;default&#8221;][\/et_pb_image][\/et_pb_column][et_pb_column type=&#8221;1_2&#8243; _builder_version=&#8221;4.7.7&#8243; _module_preset=&#8221;default&#8221;][et_pb_text _builder_version=&#8221;4.7.7&#8243; _module_preset=&#8221;default&#8221;]<\/p>\n<h4><span style=\"color: #33cccc;\"><strong>ReTouch Features<\/strong><\/span><\/h4>\n<p><span>Ajuste motorizado de inclinaci\u00f3n \/ altura\u00a0<\/span><span>Needle.<\/span><\/p>\n<p><span>Pantalla multit\u00e1ctil duradera de 50 &#8220;.<\/span><\/p>\n<p><span>Wheels for easy mobility.<\/span><\/p>\n<p><span>M\u00e1s de 20 games organized by functional objective.<\/span><\/p>\n<p>[\/et_pb_text][\/et_pb_column][\/et_pb_row][\/et_pb_section]<\/p>\n","protected":false},"excerpt":{"rendered":"<p>[et_pb_section fb_built=&#8221;1&#8243; _builder_version=&#8221;4.7.7&#8243; _module_preset=&#8221;default&#8221;][et_pb_row _builder_version=&#8221;4.7.7&#8243; _module_preset=&#8221;default&#8221;][et_pb_column type=&#8221;4_4&#8243; _builder_version=&#8221;4.7.7&#8243; _module_preset=&#8221;default&#8221;][et_pb_image src=&#8221;https:\/\/afdamericas.com\/wp-content\/uploads\/2021\/07\/01-3.png&#8221; title_text=&#8221;01&#8243; _builder_version=&#8221;4.7.7&#8243; _module_preset=&#8221;default&#8221;][\/et_pb_image][\/et_pb_column][\/et_pb_row][et_pb_row _builder_version=&#8221;4.7.7&#8243; _module_preset=&#8221;default&#8221; custom_padding=&#8221;0px|||||&#8221;][et_pb_column type=&#8221;4_4&#8243; _builder_version=&#8221;4.7.7&#8243; _module_preset=&#8221;default&#8221;][et_pb_text _builder_version=&#8221;4.7.7&#8243; _module_preset=&#8221;default&#8221;] Ayuda a acelerar la recuperaci\u00f3n motora y cognitiva con ReTouch para rehabilitaci\u00f3n.\u00a0 ReTouch es un sistema de juego de rehabilitaci\u00f3n de pantalla t\u00e1ctil de \u00faltima generaci\u00f3n que est\u00e1 dise\u00f1ado para ayudar a las personas [&hellip;]<\/p>\n","protected":false},"author":4,"featured_media":0,"parent":0,"menu_order":0,"comment_status":"closed","ping_status":"closed","template":"","meta":{"_et_pb_use_builder":"on","_et_pb_old_content":"<!-- wp:divi\/placeholder \/-->","_et_gb_content_width":"","footnotes":""},"class_list":["post-1873","page","type-page","status-publish","hentry"],"_links":{"self":[{"href":"https:\/\/afdamericas.com\/index.php?rest_route=\/wp\/v2\/pages\/1873","targetHints":{"allow":["GET"]}}],"collection":[{"href":"https:\/\/afdamericas.com\/index.php?rest_route=\/wp\/v2\/pages"}],"about":[{"href":"https:\/\/afdamericas.com\/index.php?rest_route=\/wp\/v2\/types\/page"}],"author":[{"embeddable":true,"href":"https:\/\/afdamericas.com\/index.php?rest_route=\/wp\/v2\/users\/4"}],"replies":[{"embeddable":true,"href":"https:\/\/afdamericas.com\/index.php?rest_route=%2Fwp%2Fv2%2Fcomments&post=1873"}],"version-history":[{"count":4,"href":"https:\/\/afdamericas.com\/index.php?rest_route=\/wp\/v2\/pages\/1873\/revisions"}],"predecessor-version":[{"id":2168,"href":"https:\/\/afdamericas.com\/index.php?rest_route=\/wp\/v2\/pages\/1873\/revisions\/2168"}],"wp:attachment":[{"href":"https:\/\/afdamericas.com\/index.php?rest_route=%2Fwp%2Fv2%2Fmedia&parent=1873"}],"curies":[{"name":"wp","href":"https:\/\/api.w.org\/{rel}","templated":true}]}}