{"id":1881,"date":"2021-06-23T02:45:44","date_gmt":"2021-06-23T02:45:44","guid":{"rendered":"https:\/\/dev.afd-chile.cl\/?page_id=1881"},"modified":"2021-07-02T17:17:45","modified_gmt":"2021-07-02T17:17:45","slug":"rejoyce","status":"publish","type":"page","link":"https:\/\/afdamericas.com\/?page_id=1881","title":{"rendered":"Rejoyce"},"content":{"rendered":"<p>[et_pb_section fb_built=&#8221;1&#8243; _builder_version=&#8221;4.7.7&#8243; _module_preset=&#8221;default&#8221;][et_pb_row _builder_version=&#8221;4.7.7&#8243; _module_preset=&#8221;default&#8221;][et_pb_column _builder_version=&#8221;4.7.7&#8243; _module_preset=&#8221;default&#8221; type=&#8221;4_4&#8243;][et_pb_text _builder_version=&#8221;4.7.7&#8243; _module_preset=&#8221;default&#8221; hover_enabled=&#8221;0&#8243; sticky_enabled=&#8221;0&#8243;]<\/p>\n<h4 style=\"text-align: center;\"><span style=\"color: #33cccc;\"><strong>Maximice la rehabilitaci\u00f3n con actividades motivadoras usando ReJoyce<\/strong><\/span><strong>\u00a0<\/strong><\/h4>\n<p style=\"text-align: justify;\"><span>ReJoyce es una estaci\u00f3n de trabajo de rehabilitaci\u00f3n y una herramienta de evaluaci\u00f3n de pacientes dise\u00f1ada para ayudar a las personas a recuperarse de una discapacidad en las manos y los brazos. Motiva a los pacientes con juegos pr\u00e1cticos que los involucran en la pr\u00e1ctica de actividades t\u00edpicas de la vida diaria (AVD). El sistema incluye la prueba autom\u00e1tica de funci\u00f3n manual ReJoyce (RAHFT), que ayuda a los terapeutas a realizar r\u00e1pidamente evaluaciones cuantitativas de los pacientes y a crear programas de terapia personalizados. With a system at home, los pacientes tambi\u00e9n pueden monitorear su propio progreso con el RAHFT.<\/span><\/p>\n<p>[\/et_pb_text][\/et_pb_column][\/et_pb_row][et_pb_row _builder_version=&#8221;4.7.7&#8243; _module_preset=&#8221;default&#8221; column_structure=&#8221;1_2,1_2&#8243;][et_pb_column _builder_version=&#8221;4.7.7&#8243; _module_preset=&#8221;default&#8221; type=&#8221;1_2&#8243;][et_pb_text _builder_version=&#8221;4.7.7&#8243; _module_preset=&#8221;default&#8221; hover_enabled=&#8221;0&#8243; sticky_enabled=&#8221;0&#8243;]<\/p>\n<h4><span style=\"color: #33cccc;\"><strong>Estaci\u00f3n de trabajo de rehabilitaci\u00f3n ReJoyce para uso cl\u00ednico y dom\u00e9stico<\/strong><\/span><span>\u00a0<\/span><\/h4>\n<p style=\"text-align: justify;\">Acelere la recuperaci\u00f3n de la funci\u00f3n de las extremidades superiores y realice evaluaciones sencillas<\/p>\n<p>[\/et_pb_text][\/et_pb_column][et_pb_column _builder_version=&#8221;4.7.7&#8243; _module_preset=&#8221;default&#8221; type=&#8221;1_2&#8243;][et_pb_image src=&#8221;https:\/\/afdamericas.com\/wp-content\/uploads\/2021\/07\/01-4.png&#8221; _builder_version=&#8221;4.7.7&#8243; _module_preset=&#8221;default&#8221; title_text=&#8221;01&#8243; hover_enabled=&#8221;0&#8243; sticky_enabled=&#8221;0&#8243;][\/et_pb_image][\/et_pb_column][\/et_pb_row][et_pb_row _builder_version=&#8221;4.7.7&#8243; _module_preset=&#8221;default&#8221;][et_pb_column _builder_version=&#8221;4.7.7&#8243; _module_preset=&#8221;default&#8221; type=&#8221;4_4&#8243;][et_pb_text _builder_version=&#8221;4.7.7&#8243; _module_preset=&#8221;default&#8221; hover_enabled=&#8221;0&#8243; sticky_enabled=&#8221;0&#8243;]<\/p>\n<h4 style=\"text-align: center;\"><span style=\"color: #33cccc;\"><strong>Movement therapy is the best medicine<\/strong><\/span><\/h4>\n<p>[\/et_pb_text][\/et_pb_column][\/et_pb_row][et_pb_row _builder_version=&#8221;4.7.7&#8243; _module_preset=&#8221;default&#8221; column_structure=&#8221;1_2,1_2&#8243; hover_enabled=&#8221;0&#8243; sticky_enabled=&#8221;0&#8243;][et_pb_column _builder_version=&#8221;4.7.7&#8243; _module_preset=&#8221;default&#8221; type=&#8221;1_2&#8243;][et_pb_text _builder_version=&#8221;4.7.7&#8243; _module_preset=&#8221;default&#8221; hover_enabled=&#8221;0&#8243; sticky_enabled=&#8221;0&#8243;]<\/p>\n<p style=\"text-align: justify;\">Los estudios demuestran que la funci\u00f3n de las extremidades superiores es vital para la independencia y la calidad de vida de una persona.1,2 Con base en la evidencia de que se ha demostrado que la terapia de <\/p>\n<p>[\/et_pb_text][\/et_pb_column][et_pb_column _builder_version=&#8221;4.7.7&#8243; _module_preset=&#8221;default&#8221; type=&#8221;1_2&#8243;][et_pb_image src=&#8221;https:\/\/afdamericas.com\/wp-content\/uploads\/2021\/07\/02-3.png&#8221; _builder_version=&#8221;4.7.7&#8243; _module_preset=&#8221;default&#8221; title_text=&#8221;02&#8243; hover_enabled=&#8221;0&#8243; sticky_enabled=&#8221;0&#8243; align=&#8221;right&#8221; max_height=&#8221;300px&#8221;][\/et_pb_image][\/et_pb_column][\/et_pb_row][et_pb_row _builder_version=&#8221;4.7.7&#8243; _module_preset=&#8221;default&#8221; column_structure=&#8221;1_3,1_3,1_3&#8243;][et_pb_column _builder_version=&#8221;4.7.7&#8243; _module_preset=&#8221;default&#8221; type=&#8221;1_3&#8243;][et_pb_text _builder_version=&#8221;4.7.7&#8243; _module_preset=&#8221;default&#8221; hover_enabled=&#8221;0&#8243; sticky_enabled=&#8221;0&#8243;]<\/p>\n<p style=\"text-align: justify;\">Provides standardized upper extremity exercises that represent activities of daily living (AVD): la pr\u00e1ctica diaria repetitiva de ejercicios orientados a tareas refuerza las v\u00edas del cerebro y la m\u00e9dula espinal que conducen a ganancias funcionales significativas.<\/p>\n<p>[\/et_pb_text][\/et_pb_column][et_pb_column _builder_version=&#8221;4.7.7&#8243; _module_preset=&#8221;default&#8221; type=&#8221;1_3&#8243;][et_pb_text _builder_version=&#8221;4.7.7&#8243; _module_preset=&#8221;default&#8221; hover_enabled=&#8221;0&#8243; sticky_enabled=&#8221;0&#8243;]<\/p>\n<p style=\"text-align: justify;\">Disfraza el entrenamiento intensivo con juegos motivadores para mantener a los pacientes m\u00e1s comprometidos y motivados que las t\u00e9cnicas convencionales.<\/p>\n<p>[\/et_pb_text][\/et_pb_column][et_pb_column _builder_version=&#8221;4.7.7&#8243; _module_preset=&#8221;default&#8221; type=&#8221;1_3&#8243;][et_pb_text _builder_version=&#8221;4.7.7&#8243; _module_preset=&#8221;default&#8221; hover_enabled=&#8221;0&#8243; sticky_enabled=&#8221;0&#8243;]<\/p>\n<p style=\"text-align: justify;\">With ReJoyce, patients perform ADLs hundreds of times in a single treatment: 100 veces m\u00e1s repeticiones en comparaci\u00f3n con la terapia convencional.<\/p>\n<p>[\/et_pb_text][\/et_pb_column][\/et_pb_row][et_pb_row _builder_version=&#8221;4.7.7&#8243; _module_preset=&#8221;default&#8221; column_structure=&#8221;1_2,1_2&#8243;][et_pb_column _builder_version=&#8221;4.7.7&#8243; _module_preset=&#8221;default&#8221; type=&#8221;1_2&#8243;][et_pb_image src=&#8221;https:\/\/afdamericas.com\/wp-content\/uploads\/2021\/07\/03-3.png&#8221; _builder_version=&#8221;4.7.7&#8243; _module_preset=&#8221;default&#8221; hover_enabled=&#8221;0&#8243; sticky_enabled=&#8221;0&#8243; title_text=&#8221;03&#8243;][\/et_pb_image][\/et_pb_column][et_pb_column _builder_version=&#8221;4.7.7&#8243; _module_preset=&#8221;default&#8221; type=&#8221;1_2&#8243;][et_pb_text _builder_version=&#8221;4.7.7&#8243; _module_preset=&#8221;default&#8221; hover_enabled=&#8221;0&#8243; sticky_enabled=&#8221;0&#8243;]<\/p>\n<h4><span style=\"color: #33cccc;\"><strong>Patients enjoy practicing independently with ReJoyce exercise therapy.<\/strong><\/span><\/h4>\n<p style=\"text-align: justify;\">Los terapeutas informan que ReJoyce motiva a los pacientes m\u00e1s que las t\u00e9cnicas de rehabilitaci\u00f3n convencionales. 5 Since patients can practice independently, ReJoyce reduce los requisitos de supervisi\u00f3n, lo que permite un uso m\u00e1s eficiente del tiempo una vez que se ha dise\u00f1ado un programa de terapia personalizado. Los pacientes tambi\u00e9n tienen la opci\u00f3n de continuar la terapia de ejercicios ReJoyce en sus propios hogares despu\u00e9s de salir de la cl\u00ednica. Los terapeutas pueden ofrecer tele-supervisi\u00f3n con sesiones en l\u00ednea a trav\u00e9s de la estaci\u00f3n de trabajo.<\/p>\n<p>[\/et_pb_text][\/et_pb_column][\/et_pb_row][et_pb_row _builder_version=&#8221;4.7.7&#8243; _module_preset=&#8221;default&#8221; column_structure=&#8221;1_2,1_2&#8243;][et_pb_column _builder_version=&#8221;4.7.7&#8243; _module_preset=&#8221;default&#8221; type=&#8221;1_2&#8243;][et_pb_image src=&#8221;https:\/\/afdamericas.com\/wp-content\/uploads\/2021\/07\/04-1.png&#8221; _builder_version=&#8221;4.7.7&#8243; _module_preset=&#8221;default&#8221; hover_enabled=&#8221;0&#8243; sticky_enabled=&#8221;0&#8243; title_text=&#8221;04&#8243;][\/et_pb_image][\/et_pb_column][et_pb_column _builder_version=&#8221;4.7.7&#8243; _module_preset=&#8221;default&#8221; type=&#8221;1_2&#8243;][et_pb_text _builder_version=&#8221;4.7.7&#8243; _module_preset=&#8221;default&#8221; hover_enabled=&#8221;0&#8243; sticky_enabled=&#8221;0&#8243;]<\/p>\n<h4><span style=\"color: #33cccc;\"><strong>Combining ReJoyce and ReGrasp (FES)\u00a0<\/strong><strong>para una rehabilitaci\u00f3n m\u00e1s r\u00e1pida<\/strong><\/span><strong>\u00a0<\/strong><\/h4>\n<p style=\"text-align: justify;\">ReGrasp, un innovador dispositivo de estimulaci\u00f3n el\u00e9ctrica funcional que tambi\u00e9n ofrece Rehabtronics, puede ayudar a los pacientes con las tareas de agarre y liberaci\u00f3n durante la terapia ReJoyce. ReGrasp se lleva alrededor del brazo y se controla con peque\u00f1os movimientos de la cabeza. Obtenga m\u00e1s informaci\u00f3n sobre ReGrasp.<\/p>\n<p>[\/et_pb_text][\/et_pb_column][\/et_pb_row][et_pb_row _builder_version=&#8221;4.7.7&#8243; _module_preset=&#8221;default&#8221; column_structure=&#8221;1_2,1_2&#8243;][et_pb_column _builder_version=&#8221;4.7.7&#8243; _module_preset=&#8221;default&#8221; type=&#8221;1_2&#8243;][et_pb_text _builder_version=&#8221;4.7.7&#8243; _module_preset=&#8221;default&#8221; hover_enabled=&#8221;0&#8243; sticky_enabled=&#8221;0&#8243;]<\/p>\n<h4><span style=\"color: #33cccc;\"><strong>Reduzca los costos con la rehabilitaci\u00f3n remota<\/strong><\/span><\/h4>\n<p style=\"text-align: justify;\">Dar de alta a los pacientes temprano para continuar con la telerrehabilitaci\u00f3n en el hogar puede reducir la presi\u00f3n de los costos en las salas de rehabilitaci\u00f3n, al tiempo que aumenta el est\u00e1ndar de atenci\u00f3n. With ReJoyce, Home Telemed se integra f\u00e1cilmente en las pr\u00e1cticas cl\u00ednicas existentes para aumentar el rendimiento de los pacientes sin comprometer la atenci\u00f3n.\u00a0<\/p>\n<p style=\"text-align: justify;\"><em>home exercise therapy, supervisi\u00f3n remota.<\/em><\/p>\n<p style=\"text-align: justify;\">ReJoyce is ideal for rural customers, pacientes con movilidad reducida y aquellos que simplemente prefieren los servicios de rehabilitaci\u00f3n domiciliarios. Mediante su plataforma de telerehabilitaci\u00f3n, las cl\u00ednicas y los terapeutas pueden ofrecer a los clientes una terapia domiciliaria especializada, high intensity.<\/p>\n<p>[\/et_pb_text][\/et_pb_column][et_pb_column _builder_version=&#8221;4.7.7&#8243; _module_preset=&#8221;default&#8221; type=&#8221;1_2&#8243;][et_pb_image src=&#8221;https:\/\/afdamericas.com\/wp-content\/uploads\/2021\/07\/05.jpg&#8221; _builder_version=&#8221;4.7.7&#8243; _module_preset=&#8221;default&#8221; title_text=&#8221;05&#8243; hover_enabled=&#8221;0&#8243; sticky_enabled=&#8221;0&#8243;][\/et_pb_image][\/et_pb_column][\/et_pb_row][et_pb_row _builder_version=&#8221;4.7.7&#8243; _module_preset=&#8221;default&#8221;][et_pb_column _builder_version=&#8221;4.7.7&#8243; _module_preset=&#8221;default&#8221; type=&#8221;4_4&#8243;][et_pb_text _builder_version=&#8221;4.7.7&#8243; _module_preset=&#8221;default&#8221; hover_enabled=&#8221;0&#8243; sticky_enabled=&#8221;0&#8243;]<\/p>\n<h4 style=\"text-align: center;\"><span style=\"color: #33cccc;\"><strong>Run assessments 3 veces m\u00e1s r\u00e1pido con la herramienta de evaluaci\u00f3n ReJoyce RAFHT<\/strong><\/span><\/h4>\n<p>[\/et_pb_text][\/et_pb_column][\/et_pb_row][et_pb_row _builder_version=&#8221;4.7.7&#8243; _module_preset=&#8221;default&#8221; column_structure=&#8221;1_2,1_2&#8243;][et_pb_column _builder_version=&#8221;4.7.7&#8243; _module_preset=&#8221;default&#8221; type=&#8221;1_2&#8243;][et_pb_text _builder_version=&#8221;4.7.7&#8243; _module_preset=&#8221;default&#8221; hover_enabled=&#8221;0&#8243; sticky_enabled=&#8221;0&#8243;]<\/p>\n<h4><span style=\"color: #33cccc;\"><strong>Easily track patient progress over time with ReJoyce<\/strong><\/span><strong>\u00a0<\/strong><\/h4>\n<p style=\"text-align: justify;\">ReJoyce software saves RAHFT results for each patient, making it easy to track the patient's progress on each task. Therapists can personalize and adjust a patient's therapy accordingly.<\/p>\n<p>[\/et_pb_text][\/et_pb_column][et_pb_column _builder_version=&#8221;4.7.7&#8243; _module_preset=&#8221;default&#8221; type=&#8221;1_2&#8243;][et_pb_image src=&#8221;https:\/\/afdamericas.com\/wp-content\/uploads\/2021\/07\/06.png&#8221; _builder_version=&#8221;4.7.7&#8243; _module_preset=&#8221;default&#8221; title_text=&#8221;06&#8243; hover_enabled=&#8221;0&#8243; sticky_enabled=&#8221;0&#8243;][\/et_pb_image][\/et_pb_column][\/et_pb_row][\/et_pb_section]<\/p>\n","protected":false},"excerpt":{"rendered":"<p>[et_pb_section fb_built=&#8221;1&#8243; _builder_version=&#8221;4.7.7&#8243; _module_preset=&#8221;default&#8221;][et_pb_row _builder_version=&#8221;4.7.7&#8243; _module_preset=&#8221;default&#8221;][et_pb_column _builder_version=&#8221;4.7.7&#8243; _module_preset=&#8221;default&#8221; type=&#8221;4_4&#8243;][et_pb_text _builder_version=&#8221;4.7.7&#8243; _module_preset=&#8221;default&#8221; hover_enabled=&#8221;0&#8243; sticky_enabled=&#8221;0&#8243;] Maximice la rehabilitaci\u00f3n con actividades motivadoras usando ReJoyce\u00a0 ReJoyce es una estaci\u00f3n de trabajo de rehabilitaci\u00f3n y una herramienta de evaluaci\u00f3n de pacientes dise\u00f1ada para ayudar a las personas a recuperarse de una discapacidad en las manos y los brazos. Motiva a [&hellip;]<\/p>\n","protected":false},"author":4,"featured_media":0,"parent":0,"menu_order":0,"comment_status":"closed","ping_status":"closed","template":"","meta":{"_et_pb_use_builder":"on","_et_pb_old_content":"<!-- wp:divi\/placeholder \/-->","_et_gb_content_width":"","footnotes":""},"class_list":["post-1881","page","type-page","status-publish","hentry"],"_links":{"self":[{"href":"https:\/\/afdamericas.com\/index.php?rest_route=\/wp\/v2\/pages\/1881","targetHints":{"allow":["GET"]}}],"collection":[{"href":"https:\/\/afdamericas.com\/index.php?rest_route=\/wp\/v2\/pages"}],"about":[{"href":"https:\/\/afdamericas.com\/index.php?rest_route=\/wp\/v2\/types\/page"}],"author":[{"embeddable":true,"href":"https:\/\/afdamericas.com\/index.php?rest_route=\/wp\/v2\/users\/4"}],"replies":[{"embeddable":true,"href":"https:\/\/afdamericas.com\/index.php?rest_route=%2Fwp%2Fv2%2Fcomments&post=1881"}],"version-history":[{"count":4,"href":"https:\/\/afdamericas.com\/index.php?rest_route=\/wp\/v2\/pages\/1881\/revisions"}],"predecessor-version":[{"id":2051,"href":"https:\/\/afdamericas.com\/index.php?rest_route=\/wp\/v2\/pages\/1881\/revisions\/2051"}],"wp:attachment":[{"href":"https:\/\/afdamericas.com\/index.php?rest_route=%2Fwp%2Fv2%2Fmedia&parent=1881"}],"curies":[{"name":"wp","href":"https:\/\/api.w.org\/{rel}","templated":true}]}}