{"id":1114,"date":"2021-04-06T21:46:31","date_gmt":"2021-04-07T01:46:31","guid":{"rendered":"http:\/\/54.196.160.69\/?page_id=1114"},"modified":"2022-01-16T21:55:40","modified_gmt":"2022-01-17T01:55:40","slug":"bioness","status":"publish","type":"page","link":"https:\/\/afdamericas.com\/?page_id=1114","title":{"rendered":"Bioness"},"content":{"rendered":"<p>[et_pb_section fb_built=\u00bb1&#8243; _builder_version=\u00bb4.7.7&#8243; _module_preset=\u00bbdefault\u00bb background_color=\u00bbrgba(0,0,0,0)\u00bb custom_padding=\u00bb11px|||||\u00bb][et_pb_row column_structure=\u00bb2_3,1_3&#8243; _builder_version=\u00bb4.7.7&#8243; _module_preset=\u00bbdefault\u00bb][et_pb_column type=\u00bb2_3&#8243; _builder_version=\u00bb4.7.7&#8243; _module_preset=\u00bbdefault\u00bb][et_pb_text _builder_version=\u00bb4.7.7&#8243; _module_preset=\u00bbdefault\u00bb]<\/p>\n<div class=\"central_content\">\n<h4><span style=\"color: #33cccc;\"><strong>BIENVENIDO A BIONESS<\/strong><\/span><\/h4>\n<p>Bioness Inc. es una empresa de dispositivos m\u00e9dicos con sede en Valencia, California, EE.UU., que desarrolla y comercializa tecnolog\u00eda destinada a tratar patolog\u00edas neurol\u00f3gicas. Los productos de Bioness emplean una estimulaci\u00f3n el\u00e9ctrica para ayudar a pacientes que han sufrido:<\/p>\n<ul>\n<li>Ictus<\/li>\n<li>Esclerosis m\u00faltiple<\/li>\n<li>Lesi\u00f3n cerebral traum\u00e1tica<\/li>\n<li>Par\u00e1lisis cerebral<\/li>\n<li>Lesi\u00f3n medular<\/li>\n<\/ul>\n<\/div>\n<p>[\/et_pb_text][et_pb_text _builder_version=\u00bb4.7.7&#8243; _module_preset=\u00bbdefault\u00bb custom_margin=\u00bb||18px|||\u00bb]<\/p>\n<div class=\"central_content\">\n<h4><span style=\"color: #33cccc;\"><strong>L300 Go<\/strong><\/span><\/h4>\n<p>es un sistema de estimulaci\u00f3n el\u00e9ctrica funcional (EEF) capaz de producir mejoras de movilidad mensurables para pacientes con inestabilidad de la ca\u00edda del pie y \/ o la rodilla causadas por una enfermedad o lesi\u00f3n de la neurona motora superior.<\/p>\n<p>L300 G o promueve la recuperaci\u00f3n mediante la activaci\u00f3n de las v\u00edas neuromusculares necesarias para la marcha.<\/p>\n<\/div>\n<p>[\/et_pb_text][et_pb_button button_url=\u00bbhttps:\/\/afdamericas.com\/wp-content\/uploads\/2021\/05\/L300-Go-brochure-ES-Tarea-277.pdf\u00bb url_new_window=\u00bbon\u00bb button_text=\u00bbDescargar Cat\u00e1logo\u00bb _builder_version=\u00bb4.7.7&#8243; _module_preset=\u00bbdefault\u00bb custom_button=\u00bbon\u00bb button_text_size=\u00bb14px\u00bb button_text_color=\u00bb#ffffff\u00bb button_bg_color=\u00bb#2eaec3&#8243; button_border_width=\u00bb0px\u00bb button_border_color=\u00bb#ffffff\u00bb custom_margin=\u00bb||63px|||\u00bb hover_enabled=\u00bb0&#8243; cvdb_content_visibility_check=\u00bbis_user_logged_in()\u00bb sticky_enabled=\u00bb0&#8243;][\/et_pb_button][et_pb_text _builder_version=\u00bb4.7.7&#8243; _module_preset=\u00bbdefault\u00bb custom_margin=\u00bb||15px|||\u00bb]<\/p>\n<h4><strong><span style=\"color: #33cccc;\">H200 INAL\u00c1MBRICO<\/span><\/strong><\/h4>\n<p>El sistema de rehabilitaci\u00f3n de mano inal\u00e1mbrico H200 utiliza tecnolog\u00eda avanzada y estimulaci\u00f3n de bajo nivel para ayudar a rehabilitar pacientes con miembro superior par\u00e9tico. Los pacientes pueden usar el sistema inal\u00e1mbrico H200 para realizar actividades terap\u00e9uticas y actividades diarias para as\u00ed mejorar la funci\u00f3n perdida de la mano debido a:<\/p>\n<ul>\n<li>Ictus<\/li>\n<li>Traumatismo craneoencef\u00e1lico<\/li>\n<li>Lesi\u00f3n medula<\/li>\n<\/ul>\n<p>[\/et_pb_text][et_pb_button button_url=\u00bbhttps:\/\/afdamericas.com\/wp-content\/uploads\/2021\/05\/H200-HCP-ES-Tarea-277.pdf\u00bb url_new_window=\u00bbon\u00bb button_text=\u00bbDescargar Cat\u00e1logo\u00bb _builder_version=\u00bb4.7.7&#8243; _module_preset=\u00bbdefault\u00bb custom_button=\u00bbon\u00bb button_text_size=\u00bb14px\u00bb button_text_color=\u00bb#ffffff\u00bb button_bg_color=\u00bb#2eaec3&#8243; button_border_width=\u00bb0px\u00bb button_border_color=\u00bb#ffffff\u00bb custom_margin=\u00bb||63px|||\u00bb hover_enabled=\u00bb0&#8243; cvdb_content_visibility_check=\u00bbis_user_logged_in()\u00bb sticky_enabled=\u00bb0&#8243;][\/et_pb_button][et_pb_text _builder_version=\u00bb4.7.7&#8243; _module_preset=\u00bbdefault\u00bb]<\/p>\n<p><img loading=\"lazy\" decoding=\"async\" src=\"https:\/\/afdamericas.com\/wp-content\/uploads\/2021\/06\/StimrouterLogo-300x150.jpeg\" width=\"228\" height=\"114\" alt=\"\" class=\"wp-image-1789 alignnone size-medium\" \/><\/p>\n<p>El sistema StimRouter\u00ae PNS se enfoca en la fuente de sus s\u00edntomas de dolor sin medicamentos ni cirug\u00eda invasiva. StimRouter puede ser adecuado para usted si es un adulto con dolor cr\u00f3nico de origen nervioso perif\u00e9rico, excluyendo el dolor en la regi\u00f3n craneofacial.<\/p>\n<p>En Europa, la tecnolog\u00eda de plataforma de StimRouter tambi\u00e9n est\u00e1 aprobada para el tratamiento de la vejiga hiperactiva y la incontinencia fecal en adultos. StimRouter no est\u00e1 indicado actualmente para el tratamiento de la vejiga hiperactiva y la incontinencia fecal en los Estados Unidos.<\/p>\n<p>&nbsp;<\/p>\n<p>&nbsp;<\/p>\n<p>[\/et_pb_text][\/et_pb_column][et_pb_column type=\u00bb1_3&#8243; _builder_version=\u00bb4.7.7&#8243; _module_preset=\u00bbdefault\u00bb][et_pb_image src=\u00bbhttps:\/\/afdamericas.com\/wp-content\/uploads\/2021\/05\/L300-Go-brochure-ES-Tarea-277-1-1-scaled.jpg\u00bb title_text=\u00bbL300-Go-brochure-ES-(Tarea-277)-1&#8243; align=\u00bbcenter\u00bb _builder_version=\u00bb4.7.7&#8243; _module_preset=\u00bbdefault\u00bb custom_padding=\u00bb||||false|false\u00bb border_width_all=\u00bb1px\u00bb border_color_all=\u00bbrgba(51,51,51,0.25)\u00bb box_shadow_style=\u00bbpreset3&#8243;][\/et_pb_image][\/et_pb_column][\/et_pb_row][et_pb_row column_structure=\u00bb1_4,1_4,1_4,1_4&#8243; _builder_version=\u00bb4.7.7&#8243; _module_preset=\u00bbdefault\u00bb][et_pb_column type=\u00bb1_4&#8243; _builder_version=\u00bb4.7.7&#8243; _module_preset=\u00bbdefault\u00bb][et_pb_image src=\u00bbhttps:\/\/afdamericas.com\/wp-content\/uploads\/2021\/06\/bioness-side-1.jpeg\u00bb title_text=\u00bbbioness-side-1&#8243; _builder_version=\u00bb4.7.7&#8243; _module_preset=\u00bbdefault\u00bb][\/et_pb_image][\/et_pb_column][et_pb_column type=\u00bb1_4&#8243; _builder_version=\u00bb4.7.7&#8243; _module_preset=\u00bbdefault\u00bb][et_pb_image src=\u00bbhttps:\/\/afdamericas.com\/wp-content\/uploads\/2021\/06\/web-03.jpeg\u00bb title_text=\u00bbweb-03&#8243; _builder_version=\u00bb4.7.7&#8243; _module_preset=\u00bbdefault\u00bb][\/et_pb_image][\/et_pb_column][et_pb_column type=\u00bb1_4&#8243; _builder_version=\u00bb4.7.7&#8243; _module_preset=\u00bbdefault\u00bb][et_pb_image src=\u00bbhttps:\/\/afdamericas.com\/wp-content\/uploads\/2021\/06\/Stimrouter-implanted-patient-2-600&#215;450-1.png\u00bb title_text=\u00bbStimrouter-implanted-patient-2-600&#215;450&#8243; _builder_version=\u00bb4.7.7&#8243; _module_preset=\u00bbdefault\u00bb][\/et_pb_image][\/et_pb_column][et_pb_column type=\u00bb1_4&#8243; _builder_version=\u00bb4.7.7&#8243; _module_preset=\u00bbdefault\u00bb][et_pb_image src=\u00bbhttps:\/\/afdamericas.com\/wp-content\/uploads\/2021\/06\/maxresdefault.jpeg\u00bb title_text=\u00bbmaxresdefault\u00bb _builder_version=\u00bb4.7.7&#8243; _module_preset=\u00bbdefault\u00bb custom_padding=\u00bb||25px|||\u00bb][\/et_pb_image][\/et_pb_column][\/et_pb_row][\/et_pb_section]<\/p>\n","protected":false},"excerpt":{"rendered":"<p>[et_pb_section fb_built=\u00bb1&#8243; _builder_version=\u00bb4.7.7&#8243; _module_preset=\u00bbdefault\u00bb background_color=\u00bbrgba(0,0,0,0)\u00bb custom_padding=\u00bb11px|||||\u00bb][et_pb_row column_structure=\u00bb2_3,1_3&#8243; _builder_version=\u00bb4.7.7&#8243; _module_preset=\u00bbdefault\u00bb][et_pb_column type=\u00bb2_3&#8243; _builder_version=\u00bb4.7.7&#8243; _module_preset=\u00bbdefault\u00bb][et_pb_text _builder_version=\u00bb4.7.7&#8243; _module_preset=\u00bbdefault\u00bb] BIENVENIDO A BIONESS Bioness Inc. es una empresa de dispositivos m\u00e9dicos con sede en Valencia, California, EE.UU., que desarrolla y comercializa tecnolog\u00eda destinada a tratar patolog\u00edas neurol\u00f3gicas. Los productos de Bioness emplean una estimulaci\u00f3n el\u00e9ctrica para ayudar a pacientes que han [&hellip;]<\/p>\n","protected":false},"author":3,"featured_media":0,"parent":0,"menu_order":0,"comment_status":"closed","ping_status":"closed","template":"","meta":{"_et_pb_use_builder":"on","_et_pb_old_content":"","_et_gb_content_width":"","footnotes":""},"class_list":["post-1114","page","type-page","status-publish","hentry"],"_links":{"self":[{"href":"https:\/\/afdamericas.com\/index.php?rest_route=\/wp\/v2\/pages\/1114","targetHints":{"allow":["GET"]}}],"collection":[{"href":"https:\/\/afdamericas.com\/index.php?rest_route=\/wp\/v2\/pages"}],"about":[{"href":"https:\/\/afdamericas.com\/index.php?rest_route=\/wp\/v2\/types\/page"}],"author":[{"embeddable":true,"href":"https:\/\/afdamericas.com\/index.php?rest_route=\/wp\/v2\/users\/3"}],"replies":[{"embeddable":true,"href":"https:\/\/afdamericas.com\/index.php?rest_route=%2Fwp%2Fv2%2Fcomments&post=1114"}],"version-history":[{"count":11,"href":"https:\/\/afdamericas.com\/index.php?rest_route=\/wp\/v2\/pages\/1114\/revisions"}],"predecessor-version":[{"id":2118,"href":"https:\/\/afdamericas.com\/index.php?rest_route=\/wp\/v2\/pages\/1114\/revisions\/2118"}],"wp:attachment":[{"href":"https:\/\/afdamericas.com\/index.php?rest_route=%2Fwp%2Fv2%2Fmedia&parent=1114"}],"curies":[{"name":"wp","href":"https:\/\/api.w.org\/{rel}","templated":true}]}}