{"id":1218,"date":"2021-04-07T05:06:51","date_gmt":"2021-04-07T05:06:51","guid":{"rendered":"http:\/\/54.196.160.69\/?page_id=1218"},"modified":"2022-01-09T19:43:44","modified_gmt":"2022-01-09T23:43:44","slug":"fesia","status":"publish","type":"page","link":"https:\/\/afdamericas.com\/?page_id=1218","title":{"rendered":"Fesia"},"content":{"rendered":"<p>[et_pb_section fb_built=\u00bb1&#8243; _builder_version=\u00bb4.7.7&#8243; _module_preset=\u00bbdefault\u00bb background_color=\u00bbrgba(0,0,0,0)\u00bb custom_padding=\u00bb11px|||||\u00bb][et_pb_row column_structure=\u00bb2_3,1_3&#8243; _builder_version=\u00bb4.7.7&#8243; _module_preset=\u00bbdefault\u00bb][et_pb_column type=\u00bb2_3&#8243; _builder_version=\u00bb4.7.7&#8243; _module_preset=\u00bbdefault\u00bb][et_pb_text _builder_version=\u00bb4.7.7&#8243; _module_preset=\u00bbdefault\u00bb]<\/p>\n<h2>Fesia Technology<\/h2>\n<p>Es una empresa de base tecnolo\u0301gica y cienti\u0301fica dedicada a generar soluciones avanzadas en electroestimulacio\u0301n funcional para la rehabilitacio\u0301n de personas con enfermedades o lesiones en el sistema nervioso central.<\/p>\n<p>Con una visio\u0301n a largo plazo, desarrollamos sistemas avanzados en el a\u0301mbito de la rehabilitacio\u0301n que mejoran las condiciones de vida de las personas, adema\u0301s de proveer a los profesionales de las u\u0301ltimas tecnologi\u0301as apoyadas en evidencia cienti\u0301fica y cli\u0301nica.<\/p>\n<p>Nuestros valores, la innovacio\u0301n, la generacio\u0301n de tecnolog\u00eda cercana, el compromiso de mejorar las condiciones de los pacientes y la u\u0301ltima tecnolog\u00eda, esta\u0301n presentes en cada uno de los productos que desarrollamos.<\/p>\n<p>[\/et_pb_text][\/et_pb_column][et_pb_column type=\u00bb1_3&#8243; _builder_version=\u00bb4.7.7&#8243; _module_preset=\u00bbdefault\u00bb][et_pb_image src=\u00bbhttps:\/\/afdamericas.com\/wp-content\/uploads\/2021\/05\/Fesia-Walk_EN-Tarea-277-31.jpg\u00bb title_text=\u00bbFesia-Walk_EN-(Tarea-277)-31&#8243; align=\u00bbcenter\u00bb _builder_version=\u00bb4.7.7&#8243; _module_preset=\u00bbdefault\u00bb custom_padding=\u00bb||||false|false\u00bb border_width_all=\u00bb1px\u00bb border_color_all=\u00bbrgba(51,51,51,0.25)\u00bb box_shadow_style=\u00bbpreset3&#8243;][\/et_pb_image][\/et_pb_column][\/et_pb_row][et_pb_row _builder_version=\u00bb4.7.7&#8243; _module_preset=\u00bbdefault\u00bb custom_margin=\u00bb0px||0px||true|false\u00bb custom_padding=\u00bb0px||0px||true|false\u00bb box_shadow_style=\u00bbpreset3&#8243;][et_pb_column type=\u00bb4_4&#8243; _builder_version=\u00bb4.7.7&#8243; _module_preset=\u00bbdefault\u00bb][et_pb_image src=\u00bbhttps:\/\/afdamericas.com\/wp-content\/uploads\/2021\/07\/fesiaGastp.png\u00bb title_text=\u00bbfesiaGastp\u00bb _builder_version=\u00bb4.7.7&#8243; _module_preset=\u00bbdefault\u00bb background_color=\u00bb#ffffff\u00bb custom_margin=\u00bb0px||0px||true|false\u00bb custom_padding=\u00bb0px||0px||false|false\u00bb][\/et_pb_image][\/et_pb_column][\/et_pb_row][et_pb_row column_structure=\u00bb2_3,1_3&#8243; _builder_version=\u00bb4.7.7&#8243; _module_preset=\u00bbdefault\u00bb custom_padding=\u00bb39px|||||\u00bb][et_pb_column type=\u00bb2_3&#8243; _builder_version=\u00bb4.7.7&#8243; _module_preset=\u00bbdefault\u00bb][et_pb_text _builder_version=\u00bb4.7.7&#8243; _module_preset=\u00bbdefault\u00bb]<\/p>\n<p>Es un dispositivo de neurorrehabilitaci\u00f3n manual,<br \/> basado en evidencia cient\u00edfica, para personas que han perdido<br \/> la capacidad de controlar el movimiento de la mano y los dedos como<br \/> como resultado de:<\/p>\n<ul>\n<li>Accidente cerebrovascular (ACV)<\/li>\n<li>Esclerosis m\u00faltiple (EM)<\/li>\n<li>Lesi\u00f3n incompleta de la m\u00e9dula espinal<\/li>\n<li>Par\u00e1lisis cerebral (PC)<\/li>\n<li>Lesi\u00f3n cerebral traum\u00e1tica (TBI)<\/li>\n<li>Otras lesiones del sistema nervioso central<\/li>\n<\/ul>\n<p><strong>Fesia Grasp<\/strong> genera estimulaci\u00f3n el\u00e9ctrica superficial para<br \/> desencadenar la flexi\u00f3n y extensi\u00f3n de la mu\u00f1eca y los dedos en<br \/> para recuperar la funci\u00f3n de la mano del individuo,<br \/> su libertad e independencia<\/p>\n<p>[\/et_pb_text][et_pb_button button_url=\u00bbhttps:\/\/afdamericas.com\/wp-content\/uploads\/2021\/05\/Fesia_Grasp_EN-Tarea-277.pdf\u00bb url_new_window=\u00bbon\u00bb button_text=\u00bbVer Cat\u00e1logo\u00bb _builder_version=\u00bb4.7.7&#8243; _module_preset=\u00bbdefault\u00bb custom_button=\u00bbon\u00bb button_text_size=\u00bb14px\u00bb button_text_color=\u00bb#ffffff\u00bb button_bg_color=\u00bb#2eaec3&#8243; button_border_width=\u00bb0px\u00bb button_border_color=\u00bb#ffffff\u00bb cvdb_content_visibility_check=\u00bbis_user_logged_in()\u00bb][\/et_pb_button][\/et_pb_column][et_pb_column type=\u00bb1_3&#8243; _builder_version=\u00bb4.7.7&#8243; _module_preset=\u00bbdefault\u00bb][et_pb_image src=\u00bbhttps:\/\/afdamericas.com\/wp-content\/uploads\/2021\/05\/maletin-fesia-grasp.jpg\u00bb title_text=\u00bbmaletin-fesia-grasp\u00bb align=\u00bbcenter\u00bb _builder_version=\u00bb4.7.7&#8243; _module_preset=\u00bbdefault\u00bb custom_padding=\u00bb||||false|false\u00bb border_width_all=\u00bb1px\u00bb border_color_all=\u00bbrgba(51,51,51,0.25)\u00bb box_shadow_style=\u00bbpreset3&#8243;][\/et_pb_image][et_pb_video src=\u00bbwww.youtube.com\/watch?v=BpP-40oy62U\u00bb _builder_version=\u00bb4.7.7&#8243; _module_preset=\u00bbdefault\u00bb][\/et_pb_video][\/et_pb_column][\/et_pb_row][et_pb_row _builder_version=\u00bb4.7.7&#8243; _module_preset=\u00bbdefault\u00bb background_color=\u00bb#ffffff\u00bb custom_margin=\u00bb0px||0px||true|false\u00bb custom_padding=\u00bb0px||0px||true|false\u00bb box_shadow_style=\u00bbpreset3&#8243;][et_pb_column type=\u00bb4_4&#8243; _builder_version=\u00bb4.7.7&#8243; _module_preset=\u00bbdefault\u00bb][et_pb_image src=\u00bbhttps:\/\/afdamericas.com\/wp-content\/uploads\/2021\/07\/fesiawalk.png\u00bb title_text=\u00bbfesiawalk\u00bb _builder_version=\u00bb4.7.7&#8243; _module_preset=\u00bbdefault\u00bb custom_margin=\u00bb0px||0px||true|false\u00bb custom_padding=\u00bb0px||0px||true|false\u00bb][\/et_pb_image][\/et_pb_column][\/et_pb_row][et_pb_row column_structure=\u00bb2_3,1_3&#8243; _builder_version=\u00bb4.7.7&#8243; _module_preset=\u00bbdefault\u00bb custom_margin=\u00bb29px|auto||auto||\u00bb][et_pb_column type=\u00bb2_3&#8243; _builder_version=\u00bb4.7.7&#8243; _module_preset=\u00bbdefault\u00bb][et_pb_text _builder_version=\u00bb4.7.7&#8243; _module_preset=\u00bbdefault\u00bb]<\/p>\n<div class=\"aux-parallax-section elementor-element elementor-element-28d7d5a elementor-column elementor-col-50 elementor-top-column\" data-id=\"28d7d5a\" data-element_type=\"column\">\n<div class=\"elementor-column-wrap  elementor-element-populated\">\n<div class=\"elementor-widget-wrap\">\n<div class=\"elementor-element elementor-element-be5465f elementor-widget elementor-widget-text-editor\" data-id=\"be5465f\" data-element_type=\"widget\" data-widget_type=\"text-editor.default\">\n<div class=\"elementor-widget-container\">\n<div class=\"elementor-text-editor elementor-clearfix\">\n<h2><span style=\"font-size: 14px; color: #666666;\">Es un dispositivo de neurorrehabilitacio\u0301n de la marcha, basado en evidencia cient\u00edfica, para personas que padecen de pie ca\u00eddo como consecuencia de:<\/span><\/h2>\n<ul>\n<li>Ictus o accidente cerebro vascular (ACV)<\/li>\n<li>Esclerosis mu\u0301ltiple (EM)<\/li>\n<li>Lesio\u0301n medular (LM)<\/li>\n<li>Para\u0301lisis cerebral (PC)<\/li>\n<li>Traumatismo cra\u0301neo encefa\u0301lico (TCE)<\/li>\n<li>Otras lesiones del sistema nervioso central<\/li>\n<\/ul>\n<p><strong>Fesia<\/strong> Walk genera una estimulacio\u0301n ele\u0301ctrica superficial de los nervios tibial posterior y peroneo comu\u0301n para inducir la flexio\u0301n plantar y la dorsal en las fases correspondientes de la marcha.<\/p>\n<\/div>\n<\/div>\n<\/div>\n<\/div>\n<\/div>\n<\/div>\n<p>[\/et_pb_text][et_pb_button button_url=\u00bbhttps:\/\/afdamericas.com\/wp-content\/uploads\/2021\/05\/Fesia-Walk_EN-Tarea-277.pdf\u00bb url_new_window=\u00bbon\u00bb button_text=\u00bbVer Cat\u00e1logo\u00bb _builder_version=\u00bb4.7.7&#8243; _module_preset=\u00bbdefault\u00bb custom_button=\u00bbon\u00bb button_text_size=\u00bb14px\u00bb button_text_color=\u00bb#ffffff\u00bb button_bg_color=\u00bb#2eaec3&#8243; button_border_width=\u00bb0px\u00bb button_border_color=\u00bb#ffffff\u00bb cvdb_content_visibility_check=\u00bbis_user_logged_in()\u00bb][\/et_pb_button][\/et_pb_column][et_pb_column type=\u00bb1_3&#8243; _builder_version=\u00bb4.7.7&#8243; _module_preset=\u00bbdefault\u00bb][et_pb_image src=\u00bbhttps:\/\/afdamericas.com\/wp-content\/uploads\/2021\/05\/1908-Fesia-Walk_11s2-1.jpg\u00bb title_text=\u00bb1908-Fesia-Walk_11s2-1&#8243; align=\u00bbcenter\u00bb _builder_version=\u00bb4.7.7&#8243; _module_preset=\u00bbdefault\u00bb custom_padding=\u00bb||||false|false\u00bb border_width_all=\u00bb1px\u00bb border_color_all=\u00bbrgba(51,51,51,0.25)\u00bb box_shadow_style=\u00bbpreset3&#8243;][\/et_pb_image][et_pb_video src=\u00bbwww.youtube.com\/watch?v=zMTc6aFZCJQ\u00bb _builder_version=\u00bb4.7.7&#8243; _module_preset=\u00bbdefault\u00bb hover_enabled=\u00bb0&#8243; sticky_enabled=\u00bb0&#8243;][\/et_pb_video][\/et_pb_column][\/et_pb_row][et_pb_row _builder_version=\u00bb4.7.7&#8243; _module_preset=\u00bbdefault\u00bb custom_padding=\u00bb52px|||||\u00bb][et_pb_column type=\u00bb4_4&#8243; _builder_version=\u00bb4.7.7&#8243; _module_preset=\u00bbdefault\u00bb][et_pb_text _builder_version=\u00bb4.7.7&#8243; _module_preset=\u00bbdefault\u00bb custom_margin=\u00bb||-3px|||\u00bb]<\/p>\n<div class=\"elementor-element elementor-element-7267c2f aux-appear-watch-animation aux-fade-in-up elementor-widget elementor-widget-aux_modern_heading aux-animated aux-animated-once\" data-id=\"7267c2f\" data-element_type=\"widget\" data-widget_type=\"aux_modern_heading.default\">\n<div class=\"elementor-widget-container\">\n<section class=\"aux-widget-modern-heading\">\n<div class=\"aux-widget-inner \">\n<h2 class=\"aux-modern-heading-primary\"><strong>Componentes<\/strong><\/h2>\n<\/div>\n<\/section>\n<\/div>\n<\/div>\n<p>[\/et_pb_text][\/et_pb_column][\/et_pb_row][et_pb_row _builder_version=\u00bb4.7.7&#8243; _module_preset=\u00bbdefault\u00bb custom_margin=\u00bb-50px||-50px||true|false\u00bb][et_pb_column type=\u00bb4_4&#8243; _builder_version=\u00bb4.7.7&#8243; _module_preset=\u00bbdefault\u00bb][et_pb_image src=\u00bbhttps:\/\/afdamericas.com\/wp-content\/uploads\/2021\/07\/foto-fesia-walk-2.png\u00bb title_text=\u00bbfoto-fesia-walk-2&#8243; align=\u00bbcenter\u00bb _builder_version=\u00bb4.7.7&#8243; _module_preset=\u00bbdefault\u00bb custom_margin=\u00bb0px||0px||true|false\u00bb custom_padding=\u00bb0px||0px||true|false\u00bb][\/et_pb_image][\/et_pb_column][\/et_pb_row][et_pb_row column_structure=\u00bb1_3,1_3,1_3&#8243; _builder_version=\u00bb4.7.7&#8243; _module_preset=\u00bbdefault\u00bb custom_padding=\u00bb7px|||||\u00bb][et_pb_column type=\u00bb1_3&#8243; _builder_version=\u00bb4.7.7&#8243; _module_preset=\u00bbdefault\u00bb][et_pb_text _builder_version=\u00bb4.7.7&#8243; _module_preset=\u00bbdefault\u00bb]<\/p>\n<div class=\"aux-parallax-section elementor-element elementor-element-28d7d5a elementor-column elementor-col-50 elementor-top-column\" data-id=\"28d7d5a\" data-element_type=\"column\">\n<div class=\"elementor-column-wrap  elementor-element-populated\">\n<div class=\"elementor-widget-wrap\">\n<div class=\"elementor-element elementor-element-be5465f elementor-widget elementor-widget-text-editor\" data-id=\"be5465f\" data-element_type=\"widget\" data-widget_type=\"text-editor.default\">\n<div class=\"elementor-widget-container\">\n<div class=\"elementor-text-editor elementor-clearfix\">\n<div class=\"aux-text-inner aux-text-widget-content\">\n<h3 class=\"col-title\"><strong>1<\/strong> TEXTIL<\/h3>\n<div class=\"widget-content\">\n<div class=\"aux-modern-heading-description\">\n<ul>\n<li>Cierre magn\u00e9tico<\/li>\n<li>Referencias de colocaci\u00f3n<\/li>\n<li>Flexible<\/li>\n<li>Adopta la forma de la pierna<\/li>\n<\/ul>\n<\/div>\n<\/div>\n<\/div>\n<\/div>\n<\/div>\n<\/div>\n<\/div>\n<\/div>\n<\/div>\n<p>[\/et_pb_text][\/et_pb_column][et_pb_column type=\u00bb1_3&#8243; _builder_version=\u00bb4.7.7&#8243; _module_preset=\u00bbdefault\u00bb][et_pb_text _builder_version=\u00bb4.7.7&#8243; _module_preset=\u00bbdefault\u00bb]<\/p>\n<div class=\"aux-parallax-section elementor-element elementor-element-28d7d5a elementor-column elementor-col-50 elementor-top-column\" data-id=\"28d7d5a\" data-element_type=\"column\">\n<div class=\"elementor-column-wrap  elementor-element-populated\">\n<div class=\"elementor-widget-wrap\">\n<div class=\"elementor-element elementor-element-be5465f elementor-widget elementor-widget-text-editor\" data-id=\"be5465f\" data-element_type=\"widget\" data-widget_type=\"text-editor.default\">\n<div class=\"elementor-widget-container\">\n<div class=\"elementor-text-editor elementor-clearfix\">\n<div class=\"aux-text-inner aux-text-widget-content\">\n<div class=\"aux-text-inner aux-text-widget-content\">\n<h3 class=\"col-title\"><strong>2<\/strong> ELECTRODO MULTI-CAMPO<\/h3>\n<div class=\"widget-content\">\n<div class=\"aux-modern-heading-description\">\n<ul>\n<li>Movimientos m\u00e1s naturales<\/li>\n<li>Retrasa la aparici\u00f3n de la fatiga<\/li>\n<li>Alta selectividad de estimulaci\u00f3n<\/li>\n<\/ul>\n<\/div>\n<\/div>\n<\/div>\n<\/div>\n<\/div>\n<\/div>\n<\/div>\n<\/div>\n<\/div>\n<\/div>\n<p>[\/et_pb_text][\/et_pb_column][et_pb_column type=\u00bb1_3&#8243; _builder_version=\u00bb4.7.7&#8243; _module_preset=\u00bbdefault\u00bb][et_pb_text _builder_version=\u00bb4.7.7&#8243; _module_preset=\u00bbdefault\u00bb]<\/p>\n<div class=\"aux-parallax-section elementor-element elementor-element-28d7d5a elementor-column elementor-col-50 elementor-top-column\" data-id=\"28d7d5a\" data-element_type=\"column\">\n<div class=\"elementor-column-wrap  elementor-element-populated\">\n<div class=\"elementor-widget-wrap\">\n<div class=\"elementor-element elementor-element-be5465f elementor-widget elementor-widget-text-editor\" data-id=\"be5465f\" data-element_type=\"widget\" data-widget_type=\"text-editor.default\">\n<div class=\"elementor-widget-container\">\n<div class=\"elementor-text-editor elementor-clearfix\">\n<div class=\"aux-text-inner aux-text-widget-content\">\n<div class=\"aux-text-inner aux-text-widget-content\">\n<h3 class=\"col-title\">3 ESTIMULADOR<\/h3>\n<div class=\"widget-content\">\n<div class=\"aux-modern-heading-description\">\n<ul>\n<li>Pleno control de los par\u00e1metros de estimulaci\u00f3n<\/li>\n<li>Conectividad Bluetooth<\/li>\n<\/ul>\n<\/div>\n<\/div>\n<\/div>\n<\/div>\n<\/div>\n<\/div>\n<\/div>\n<\/div>\n<\/div>\n<\/div>\n<p>[\/et_pb_text][\/et_pb_column][\/et_pb_row][et_pb_row column_structure=\u00bb1_3,1_3,1_3&#8243; _builder_version=\u00bb4.7.7&#8243; _module_preset=\u00bbdefault\u00bb][et_pb_column type=\u00bb1_3&#8243; _builder_version=\u00bb4.7.7&#8243; _module_preset=\u00bbdefault\u00bb][et_pb_text _builder_version=\u00bb4.7.7&#8243; _module_preset=\u00bbdefault\u00bb]<\/p>\n<div class=\"aux-parallax-section elementor-element elementor-element-28d7d5a elementor-column elementor-col-50 elementor-top-column\" data-id=\"28d7d5a\" data-element_type=\"column\">\n<div class=\"elementor-column-wrap  elementor-element-populated\">\n<div class=\"elementor-widget-wrap\">\n<div class=\"elementor-element elementor-element-be5465f elementor-widget elementor-widget-text-editor\" data-id=\"be5465f\" data-element_type=\"widget\" data-widget_type=\"text-editor.default\">\n<div class=\"elementor-widget-container\">\n<div class=\"elementor-text-editor elementor-clearfix\">\n<div class=\"aux-text-inner aux-text-widget-content\">\n<div class=\"aux-text-inner aux-text-widget-content\">\n<h3 class=\"col-title\"><strong>4<\/strong> SENSOR DE MOVIMIENTO<\/h3>\n<div class=\"widget-content\">\n<div class=\"aux-modern-heading-description\">\n<ul>\n<li>Detecci\u00f3n del movimiento en tiempo real<\/li>\n<li>Menos falsos positivos<\/li>\n<li>Mejor monitorizaci\u00f3n del paciente<\/li>\n<\/ul>\n<\/div>\n<\/div>\n<\/div>\n<\/div>\n<\/div>\n<\/div>\n<\/div>\n<\/div>\n<\/div>\n<\/div>\n<p>[\/et_pb_text][\/et_pb_column][et_pb_column type=\u00bb1_3&#8243; _builder_version=\u00bb4.7.7&#8243; _module_preset=\u00bbdefault\u00bb][et_pb_text _builder_version=\u00bb4.7.7&#8243; _module_preset=\u00bbdefault\u00bb]<\/p>\n<div class=\"aux-parallax-section elementor-element elementor-element-28d7d5a elementor-column elementor-col-50 elementor-top-column\" data-id=\"28d7d5a\" data-element_type=\"column\">\n<div class=\"elementor-column-wrap  elementor-element-populated\">\n<div class=\"elementor-widget-wrap\">\n<div class=\"elementor-element elementor-element-be5465f elementor-widget elementor-widget-text-editor\" data-id=\"be5465f\" data-element_type=\"widget\" data-widget_type=\"text-editor.default\">\n<div class=\"elementor-widget-container\">\n<div class=\"elementor-text-editor elementor-clearfix\">\n<div class=\"aux-text-inner aux-text-widget-content\">\n<div class=\"aux-text-inner aux-text-widget-content\">\n<div class=\"aux-text-inner aux-text-widget-content\">\n<h3 class=\"col-title\"><strong>5<\/strong> FESIA SOFTWARE<\/h3>\n<div class=\"widget-content\">\n<div class=\"aux-modern-heading-description\">\n<ul>\n<li>El software de <strong>Fesia<\/strong> Walk est\u00e1 dise\u00f1ado para facilitar la gesti\u00f3n de pacientes y el seguimiento de sus progresos<\/li>\n<\/ul>\n<\/div>\n<\/div>\n<\/div>\n<\/div>\n<\/div>\n<\/div>\n<\/div>\n<\/div>\n<\/div>\n<\/div>\n<\/div>\n<p>[\/et_pb_text][\/et_pb_column][et_pb_column type=\u00bb1_3&#8243; _builder_version=\u00bb4.7.7&#8243; _module_preset=\u00bbdefault\u00bb][et_pb_text _builder_version=\u00bb4.7.7&#8243; _module_preset=\u00bbdefault\u00bb]<\/p>\n<div class=\"aux-parallax-section elementor-element elementor-element-28d7d5a elementor-column elementor-col-50 elementor-top-column\" data-id=\"28d7d5a\" data-element_type=\"column\">\n<div class=\"elementor-column-wrap  elementor-element-populated\">\n<div class=\"elementor-widget-wrap\">\n<div class=\"elementor-element elementor-element-be5465f elementor-widget elementor-widget-text-editor\" data-id=\"be5465f\" data-element_type=\"widget\" data-widget_type=\"text-editor.default\">\n<div class=\"elementor-widget-container\">\n<div class=\"elementor-text-editor elementor-clearfix\">\n<div class=\"aux-text-inner aux-text-widget-content\">\n<div class=\"aux-text-inner aux-text-widget-content\">\n<div class=\"aux-text-inner aux-text-widget-content\">\n<h3 class=\"col-title\"><strong>5<\/strong> APP PARA PACIENTES<\/h3>\n<div class=\"widget-content\">\n<ul>\n<li>La aplicacio\u0301n para pacientes esta\u0301 disen\u0303ada para que estos puedan continuar la rehabilitacio\u0301n en casa<\/li>\n<\/ul>\n<\/div>\n<\/div>\n<\/div>\n<\/div>\n<\/div>\n<\/div>\n<\/div>\n<\/div>\n<\/div>\n<\/div>\n<p>[\/et_pb_text][\/et_pb_column][\/et_pb_row][et_pb_row _builder_version=\u00bb4.7.7&#8243; _module_preset=\u00bbdefault\u00bb][et_pb_column type=\u00bb4_4&#8243; _builder_version=\u00bb4.7.7&#8243; _module_preset=\u00bbdefault\u00bb][et_pb_button button_url=\u00bbhttps:\/\/afdamericas.com\/wp-content\/uploads\/2021\/05\/WhitePaper_PlantarFlexion_Tarea-277.pdf\u00bb url_new_window=\u00bbon\u00bb button_text=\u00bbVer Ficha t\u00e9cnica.\u00bb _builder_version=\u00bb4.7.7&#8243; _module_preset=\u00bbdefault\u00bb custom_button=\u00bbon\u00bb button_text_size=\u00bb14px\u00bb button_text_color=\u00bb#ffffff\u00bb button_bg_color=\u00bb#2eaec3&#8243; button_border_width=\u00bb0px\u00bb button_border_color=\u00bb#ffffff\u00bb cvdb_content_visibility_check=\u00bbis_user_logged_in()\u00bb][\/et_pb_button][\/et_pb_column][\/et_pb_row][\/et_pb_section]<\/p>\n","protected":false},"excerpt":{"rendered":"<p>[et_pb_section fb_built=\u00bb1&#8243; _builder_version=\u00bb4.7.7&#8243; _module_preset=\u00bbdefault\u00bb background_color=\u00bbrgba(0,0,0,0)\u00bb custom_padding=\u00bb11px|||||\u00bb][et_pb_row column_structure=\u00bb2_3,1_3&#8243; _builder_version=\u00bb4.7.7&#8243; _module_preset=\u00bbdefault\u00bb][et_pb_column type=\u00bb2_3&#8243; _builder_version=\u00bb4.7.7&#8243; _module_preset=\u00bbdefault\u00bb][et_pb_text _builder_version=\u00bb4.7.7&#8243; _module_preset=\u00bbdefault\u00bb] Fesia Technology Es una empresa de base tecnolo\u0301gica y cienti\u0301fica dedicada a generar soluciones avanzadas en electroestimulacio\u0301n funcional para la rehabilitacio\u0301n de personas con enfermedades o lesiones en el sistema nervioso central. Con una visio\u0301n a largo plazo, desarrollamos sistemas avanzados [&hellip;]<\/p>\n","protected":false},"author":3,"featured_media":0,"parent":0,"menu_order":0,"comment_status":"closed","ping_status":"closed","template":"","meta":{"_et_pb_use_builder":"on","_et_pb_old_content":"","_et_gb_content_width":"","footnotes":""},"class_list":["post-1218","page","type-page","status-publish","hentry"],"_links":{"self":[{"href":"https:\/\/afdamericas.com\/index.php?rest_route=\/wp\/v2\/pages\/1218","targetHints":{"allow":["GET"]}}],"collection":[{"href":"https:\/\/afdamericas.com\/index.php?rest_route=\/wp\/v2\/pages"}],"about":[{"href":"https:\/\/afdamericas.com\/index.php?rest_route=\/wp\/v2\/types\/page"}],"author":[{"embeddable":true,"href":"https:\/\/afdamericas.com\/index.php?rest_route=\/wp\/v2\/users\/3"}],"replies":[{"embeddable":true,"href":"https:\/\/afdamericas.com\/index.php?rest_route=%2Fwp%2Fv2%2Fcomments&post=1218"}],"version-history":[{"count":12,"href":"https:\/\/afdamericas.com\/index.php?rest_route=\/wp\/v2\/pages\/1218\/revisions"}],"predecessor-version":[{"id":2282,"href":"https:\/\/afdamericas.com\/index.php?rest_route=\/wp\/v2\/pages\/1218\/revisions\/2282"}],"wp:attachment":[{"href":"https:\/\/afdamericas.com\/index.php?rest_route=%2Fwp%2Fv2%2Fmedia&parent=1218"}],"curies":[{"name":"wp","href":"https:\/\/api.w.org\/{rel}","templated":true}]}}