{"id":1239,"date":"2021-04-07T21:31:06","date_gmt":"2021-04-07T21:31:06","guid":{"rendered":"http:\/\/54.196.160.69\/?page_id=1239"},"modified":"2021-07-17T17:10:20","modified_gmt":"2021-07-17T17:10:20","slug":"neuroforma","status":"publish","type":"page","link":"https:\/\/afdamericas.com\/?page_id=1239","title":{"rendered":"Neuroforma"},"content":{"rendered":"<p>[et_pb_section fb_built=\u00bb1&#8243; _builder_version=\u00bb4.7.7&#8243; _module_preset=\u00bbdefault\u00bb background_color=\u00bbrgba(0,0,0,0)\u00bb custom_padding=\u00bb11px|||||\u00bb][et_pb_row _builder_version=\u00bb4.7.7&#8243; _module_preset=\u00bbdefault\u00bb][et_pb_column type=\u00bb4_4&#8243; _builder_version=\u00bb4.7.7&#8243; _module_preset=\u00bbdefault\u00bb][et_pb_text _builder_version=\u00bb4.7.7&#8243; _module_preset=\u00bbdefault\u00bb]<\/p>\n<h2>Cl\u00ednicas de neurofeedback<\/h2>\n<p>La \u00fanica cl\u00ednica en Quebec que realiza entrenamiento cerebral utilizando la \u00faltima generaci\u00f3n de equipos de Neurofeedback con 19 electrodos.<\/p>\n<p>[\/et_pb_text][\/et_pb_column][\/et_pb_row][et_pb_row column_structure=\u00bb2_3,1_3&#8243; _builder_version=\u00bb4.7.7&#8243; _module_preset=\u00bbdefault\u00bb][et_pb_column type=\u00bb2_3&#8243; _builder_version=\u00bb4.7.7&#8243; _module_preset=\u00bbdefault\u00bb][et_pb_text _builder_version=\u00bb4.7.7&#8243; _module_preset=\u00bbdefault\u00bb]<\/p>\n<h2>\u00bfQu\u00e9 es el Neurofeedback?<\/h2>\n<p>Durante la evaluaci\u00f3n cuantitativa electroencefalogr\u00e1fica (EEG), el t\u00e9cnico en electrofisiolog\u00eda m\u00e9dica coloca un casco equipado con 19 electrodos en la cabeza. Para promover una buena conducci\u00f3n de la actividad el\u00e9ctrica de su cerebro hacia los electrodos del casco, se aplica un gel conductor (soluci\u00f3n a base de agua y sal) en cada uno de los electrodos. Al grabar el EEG, los electrodos colocados en su cuero cabelludo transmiten la informaci\u00f3n a un programa inform\u00e1tico, que permite visualizar en tiempo real las ondas el\u00e9ctricas generadas por el cerebro.<\/p>\n<p>La evaluaci\u00f3n de EEG mide la amplitud de la actividad el\u00e9ctrica del cerebro. A continuaci\u00f3n, el t\u00e9cnico realiza un an\u00e1lisis para comparar la actividad registrada con una base de datos normativa. Esto permite comparar la actividad el\u00e9ctrica de las regiones del cerebro e identificar aquellas que tienen una actividad desviada de la norma.<\/p>\n<p>[\/et_pb_text][\/et_pb_column][et_pb_column type=\u00bb1_3&#8243; _builder_version=\u00bb4.7.7&#8243; _module_preset=\u00bbdefault\u00bb][et_pb_image src=\u00bbhttps:\/\/afdamericas.com\/wp-content\/uploads\/2021\/04\/neurofeedback-19-electrodes.png\u00bb title_text=\u00bbneurofeedback-19-electrodes\u00bb align=\u00bbcenter\u00bb _builder_version=\u00bb4.7.7&#8243; _module_preset=\u00bbdefault\u00bb custom_padding=\u00bb||||false|false\u00bb border_width_all=\u00bb1px\u00bb border_color_all=\u00bbrgba(51,51,51,0.25)\u00bb box_shadow_style=\u00bbpreset3&#8243;][\/et_pb_image][\/et_pb_column][\/et_pb_row][et_pb_row _builder_version=\u00bb4.7.7&#8243; _module_preset=\u00bbdefault\u00bb][et_pb_column type=\u00bb4_4&#8243; _builder_version=\u00bb4.7.7&#8243; _module_preset=\u00bbdefault\u00bb][et_pb_text _builder_version=\u00bb4.7.7&#8243; _module_preset=\u00bbdefault\u00bb custom_margin=\u00bb||-3px|||\u00bb]<\/p>\n<h2 class=\"aux-modern-heading-primary\">\u00bfQU\u00c9 MEJORAR?<\/h2>\n<p>[\/et_pb_text][\/et_pb_column][\/et_pb_row][et_pb_row column_structure=\u00bb1_3,1_3,1_3&#8243; _builder_version=\u00bb4.7.7&#8243; _module_preset=\u00bbdefault\u00bb custom_padding=\u00bb7px|||||\u00bb][et_pb_column type=\u00bb1_3&#8243; _builder_version=\u00bb4.7.7&#8243; _module_preset=\u00bbdefault\u00bb][et_pb_text _builder_version=\u00bb4.7.7&#8243; _module_preset=\u00bbdefault\u00bb]<\/p>\n<h3 class=\"col-title\">AGREGAR \/ ADHD<\/h3>\n<p>El neurofeedback se clasifica como un tratamiento de nivel 5 para el trastorno por d\u00e9ficit de atenci\u00f3n, el nivel m\u00e1s alto de efectividad. [\/et_pb_text][\/et_pb_column][et_pb_column type=\u00bb1_3&#8243; _builder_version=\u00bb4.7.7&#8243; _module_preset=\u00bbdefault\u00bb][et_pb_text _builder_version=\u00bb4.7.7&#8243; _module_preset=\u00bbdefault\u00bb]<\/p>\n<h3>Des\u00f3rdenes de ansiedad<\/h3>\n<p>Ahora reconocido como un tratamiento eficaz (nivel 4), el neurofeedback es un enfoque que puede aportar mejoras duraderas para los trastornos de ansiedad.<\/p>\n<p>[\/et_pb_text][\/et_pb_column][et_pb_column type=\u00bb1_3&#8243; _builder_version=\u00bb4.7.7&#8243; _module_preset=\u00bbdefault\u00bb][et_pb_text _builder_version=\u00bb4.7.7&#8243; _module_preset=\u00bbdefault\u00bb]<\/p>\n<h3>Depresi\u00f3n mayor<\/h3>\n<p>Clasificado como un tratamiento de nivel 4, el neurofeedback es un m\u00e9todo eficaz contra la depresi\u00f3n mayor.<\/p>\n<p>[\/et_pb_text][\/et_pb_column][\/et_pb_row][et_pb_row _builder_version=\u00bb4.7.7&#8243; _module_preset=\u00bbdefault\u00bb][et_pb_column type=\u00bb4_4&#8243; _builder_version=\u00bb4.7.7&#8243; _module_preset=\u00bbdefault\u00bb][\/et_pb_column][\/et_pb_row][\/et_pb_section]<\/p>\n","protected":false},"excerpt":{"rendered":"<p>[et_pb_section fb_built=\u00bb1&#8243; _builder_version=\u00bb4.7.7&#8243; _module_preset=\u00bbdefault\u00bb background_color=\u00bbrgba(0,0,0,0)\u00bb custom_padding=\u00bb11px|||||\u00bb][et_pb_row _builder_version=\u00bb4.7.7&#8243; _module_preset=\u00bbdefault\u00bb][et_pb_column type=\u00bb4_4&#8243; _builder_version=\u00bb4.7.7&#8243; _module_preset=\u00bbdefault\u00bb][et_pb_text _builder_version=\u00bb4.7.7&#8243; _module_preset=\u00bbdefault\u00bb] Cl\u00ednicas de neurofeedback La \u00fanica cl\u00ednica en Quebec que realiza entrenamiento cerebral utilizando la \u00faltima generaci\u00f3n de equipos de Neurofeedback con 19 electrodos. [\/et_pb_text][\/et_pb_column][\/et_pb_row][et_pb_row column_structure=\u00bb2_3,1_3&#8243; _builder_version=\u00bb4.7.7&#8243; _module_preset=\u00bbdefault\u00bb][et_pb_column type=\u00bb2_3&#8243; _builder_version=\u00bb4.7.7&#8243; _module_preset=\u00bbdefault\u00bb][et_pb_text _builder_version=\u00bb4.7.7&#8243; _module_preset=\u00bbdefault\u00bb] \u00bfQu\u00e9 es el Neurofeedback? Durante la evaluaci\u00f3n cuantitativa electroencefalogr\u00e1fica (EEG), [&hellip;]<\/p>\n","protected":false},"author":3,"featured_media":0,"parent":0,"menu_order":0,"comment_status":"closed","ping_status":"closed","template":"","meta":{"_et_pb_use_builder":"on","_et_pb_old_content":"<!-- wp:divi\/placeholder \/-->","_et_gb_content_width":"","footnotes":""},"class_list":["post-1239","page","type-page","status-publish","hentry"],"_links":{"self":[{"href":"https:\/\/afdamericas.com\/index.php?rest_route=\/wp\/v2\/pages\/1239","targetHints":{"allow":["GET"]}}],"collection":[{"href":"https:\/\/afdamericas.com\/index.php?rest_route=\/wp\/v2\/pages"}],"about":[{"href":"https:\/\/afdamericas.com\/index.php?rest_route=\/wp\/v2\/types\/page"}],"author":[{"embeddable":true,"href":"https:\/\/afdamericas.com\/index.php?rest_route=\/wp\/v2\/users\/3"}],"replies":[{"embeddable":true,"href":"https:\/\/afdamericas.com\/index.php?rest_route=%2Fwp%2Fv2%2Fcomments&post=1239"}],"version-history":[{"count":5,"href":"https:\/\/afdamericas.com\/index.php?rest_route=\/wp\/v2\/pages\/1239\/revisions"}],"predecessor-version":[{"id":2122,"href":"https:\/\/afdamericas.com\/index.php?rest_route=\/wp\/v2\/pages\/1239\/revisions\/2122"}],"wp:attachment":[{"href":"https:\/\/afdamericas.com\/index.php?rest_route=%2Fwp%2Fv2%2Fmedia&parent=1239"}],"curies":[{"name":"wp","href":"https:\/\/api.w.org\/{rel}","templated":true}]}}