{"id":1242,"date":"2021-04-07T21:31:56","date_gmt":"2021-04-07T21:31:56","guid":{"rendered":"http:\/\/54.196.160.69\/?page_id=1242"},"modified":"2021-07-17T17:10:51","modified_gmt":"2021-07-17T17:10:51","slug":"neurocatch","status":"publish","type":"page","link":"https:\/\/afdamericas.com\/?page_id=1242","title":{"rendered":"Neurocatch"},"content":{"rendered":"<p>[et_pb_section fb_built=\u00bb1&#8243; _builder_version=\u00bb4.7.7&#8243; _module_preset=\u00bbdefault\u00bb background_color=\u00bbrgba(0,0,0,0)\u00bb custom_padding=\u00bb11px|||||\u00bb][et_pb_row column_structure=\u00bb2_3,1_3&#8243; _builder_version=\u00bb4.7.7&#8243; _module_preset=\u00bbdefault\u00bb][et_pb_column type=\u00bb2_3&#8243; _builder_version=\u00bb4.7.7&#8243; _module_preset=\u00bbdefault\u00bb][et_pb_text _builder_version=\u00bb4.7.7&#8243; _module_preset=\u00bbdefault\u00bb]<\/p>\n<h2>Evaluaci\u00f3n de la funci\u00f3n cerebral NeuroCatch \u00ae<\/h2>\n<p>La Cl\u00ednica de Neuroplasticidad de Surrey se enorgullece de ser la primera en Canad\u00e1 en ofrecer la Plataforma NeuroCatch\u00ae como una herramienta de evaluaci\u00f3n de la funci\u00f3n cerebral para los clientes.<\/p>\n<p>&nbsp;<\/p>\n<h2>Sobre NeuroCatch \u00ae evaluaciones de la funci\u00f3n cerebral<\/h2>\n<p><strong>El NeuroCatch \u00ae<\/strong> Plataforma es un sistema objetivo, r\u00e1pido neurofisiol\u00f3gica funci\u00f3n cerebral evaluaci\u00f3n que est\u00e9 autorizado por Health Canada como un dispositivo m\u00e9dico de clase II. Es f\u00e1cil de usar, rentable y de f\u00e1cil acceso para profesionales de la salud, investigadores y especialistas en desempe\u00f1o en Canad\u00e1, EE. UU. Y m\u00e1s all\u00e1.<\/p>\n<p>&nbsp;<\/p>\n<h2>\u00bfQu\u00e9 esperar?<\/h2>\n<p>La plataforma NeuroCatch \u00ae est\u00e1 dise\u00f1ada para que los profesionales de la salud midan la funci\u00f3n cognitiva del cerebro de sus clientes. Los resultados de la exploraci\u00f3n le proporcionan a su m\u00e9dico medidas objetivas de funciones cerebrales espec\u00edficas. Estas medidas se pueden utilizar para ayudar a identificar \u00e1reas de mejora, personalizar su plan de tratamiento o camino hacia la recuperaci\u00f3n y para comprender c\u00f3mo funciona su cerebro en la actualidad.<\/p>\n<p><strong>NeuroCatch\u00ae<\/strong> realiza un escaneo r\u00e1pido de 6 minutos para medir e informar sobre la funci\u00f3n cognitiva del cerebro. Produce un informe inmediatamente despu\u00e9s del escaneo para mostrar informaci\u00f3n sobre tres respuestas cerebrales diferentes , tambi\u00e9n conocidas como potenciales relacionados con eventos (ERP) . Los ERP se denominan ABC de NeuroCatch\u00ae: una sensaci\u00f3n auditiva; B atenci\u00f3n ASIC; C procesamiento ognitive. Estas medidas cognitivas se pueden medir con el tiempo, con el NeuroCatch \u00ae informes que proporciona un resumen de hasta 10 exploraciones m\u00e1s recientes para el mismo cliente.<\/p>\n<p>&nbsp;<\/p>\n<p><img loading=\"lazy\" decoding=\"async\" src=\"https:\/\/afdamericas.com\/wp-content\/uploads\/2021\/04\/NeuroCatchR-Platform-1280x334-1-300x78.png\" alt=\"\" class=\"wp-image-1273 alignnone size-medium\" width=\"300\" height=\"78\" \/><\/p>\n<p>[\/et_pb_text][\/et_pb_column][et_pb_column type=\u00bb1_3&#8243; _builder_version=\u00bb4.7.7&#8243; _module_preset=\u00bbdefault\u00bb][et_pb_image src=\u00bbhttps:\/\/afdamericas.com\/wp-content\/uploads\/2021\/04\/IMG_6943-980&#215;653-1.png\u00bb title_text=\u00bbIMG_6943-980&#215;653&#8243; align=\u00bbcenter\u00bb _builder_version=\u00bb4.7.7&#8243; _module_preset=\u00bbdefault\u00bb custom_padding=\u00bb||||false|false\u00bb border_width_all=\u00bb1px\u00bb border_color_all=\u00bbrgba(51,51,51,0.25)\u00bb box_shadow_style=\u00bbpreset3&#8243;][\/et_pb_image][\/et_pb_column][\/et_pb_row][et_pb_row _builder_version=\u00bb4.7.7&#8243; _module_preset=\u00bbdefault\u00bb][et_pb_column type=\u00bb4_4&#8243; _builder_version=\u00bb4.7.7&#8243; _module_preset=\u00bbdefault\u00bb][\/et_pb_column][\/et_pb_row][\/et_pb_section]<\/p>\n","protected":false},"excerpt":{"rendered":"<p>[et_pb_section fb_built=\u00bb1&#8243; _builder_version=\u00bb4.7.7&#8243; _module_preset=\u00bbdefault\u00bb background_color=\u00bbrgba(0,0,0,0)\u00bb custom_padding=\u00bb11px|||||\u00bb][et_pb_row column_structure=\u00bb2_3,1_3&#8243; _builder_version=\u00bb4.7.7&#8243; _module_preset=\u00bbdefault\u00bb][et_pb_column type=\u00bb2_3&#8243; _builder_version=\u00bb4.7.7&#8243; _module_preset=\u00bbdefault\u00bb][et_pb_text _builder_version=\u00bb4.7.7&#8243; _module_preset=\u00bbdefault\u00bb] Evaluaci\u00f3n de la funci\u00f3n cerebral NeuroCatch \u00ae La Cl\u00ednica de Neuroplasticidad de Surrey se enorgullece de ser la primera en Canad\u00e1 en ofrecer la Plataforma NeuroCatch\u00ae como una herramienta de evaluaci\u00f3n de la funci\u00f3n cerebral para los clientes. &nbsp; Sobre NeuroCatch [&hellip;]<\/p>\n","protected":false},"author":3,"featured_media":0,"parent":0,"menu_order":0,"comment_status":"closed","ping_status":"closed","template":"","meta":{"_et_pb_use_builder":"on","_et_pb_old_content":"<!-- wp:divi\/placeholder \/-->","_et_gb_content_width":"","footnotes":""},"class_list":["post-1242","page","type-page","status-publish","hentry"],"_links":{"self":[{"href":"https:\/\/afdamericas.com\/index.php?rest_route=\/wp\/v2\/pages\/1242","targetHints":{"allow":["GET"]}}],"collection":[{"href":"https:\/\/afdamericas.com\/index.php?rest_route=\/wp\/v2\/pages"}],"about":[{"href":"https:\/\/afdamericas.com\/index.php?rest_route=\/wp\/v2\/types\/page"}],"author":[{"embeddable":true,"href":"https:\/\/afdamericas.com\/index.php?rest_route=\/wp\/v2\/users\/3"}],"replies":[{"embeddable":true,"href":"https:\/\/afdamericas.com\/index.php?rest_route=%2Fwp%2Fv2%2Fcomments&post=1242"}],"version-history":[{"count":4,"href":"https:\/\/afdamericas.com\/index.php?rest_route=\/wp\/v2\/pages\/1242\/revisions"}],"predecessor-version":[{"id":2123,"href":"https:\/\/afdamericas.com\/index.php?rest_route=\/wp\/v2\/pages\/1242\/revisions\/2123"}],"wp:attachment":[{"href":"https:\/\/afdamericas.com\/index.php?rest_route=%2Fwp%2Fv2%2Fmedia&parent=1242"}],"curies":[{"name":"wp","href":"https:\/\/api.w.org\/{rel}","templated":true}]}}