{"id":1245,"date":"2021-04-07T21:33:00","date_gmt":"2021-04-07T21:33:00","guid":{"rendered":"http:\/\/54.196.160.69\/?page_id=1245"},"modified":"2021-07-17T17:11:22","modified_gmt":"2021-07-17T17:11:22","slug":"trexo-robotics","status":"publish","type":"page","link":"https:\/\/afdamericas.com\/?page_id=1245","title":{"rendered":"Trexo Robotics"},"content":{"rendered":"<p>[et_pb_section fb_built=\u00bb1&#8243; _builder_version=\u00bb4.7.7&#8243; _module_preset=\u00bbdefault\u00bb background_color=\u00bbrgba(0,0,0,0)\u00bb custom_padding=\u00bb11px|||||\u00bb][et_pb_row column_structure=\u00bb2_3,1_3&#8243; _builder_version=\u00bb4.7.7&#8243; _module_preset=\u00bbdefault\u00bb][et_pb_column type=\u00bb2_3&#8243; _builder_version=\u00bb4.7.7&#8243; _module_preset=\u00bbdefault\u00bb][et_pb_text _builder_version=\u00bb4.7.7&#8243; _module_preset=\u00bbdefault\u00bb]<\/p>\n<h2>Trexo naci\u00f3 de una experiencia personal<\/h2>\n<div class=\"e690-16 x-text\">\n<p style=\"text-align: left;\"><span style=\"vertical-align: inherit;\">La historia de Trexo comienza en 2011 cuando Manmeet se enter\u00f3 de que a su sobrino, Praneit, le diagnosticaron par\u00e1lisis cerebral. Praneit no podr\u00eda caminar como resultado de su diagn\u00f3stico.<\/span><\/p>\n<p style=\"text-align: left;\"><span style=\"vertical-align: inherit;\">Manmeet y su familia buscaron muchas soluciones para ayudar a Praneit a caminar, solo para descubrir que no hab\u00eda nada disponible. Se enteraron de que exist\u00edan estos \u00abexoesqueletos\u00bb que pod\u00edan ayudar con la movilidad, pero result\u00f3 que eran solo para adultos.<\/span><\/p>\n<p style=\"text-align: left;\"><span style=\"vertical-align: inherit;\">Durante este tiempo, Manmeet aprendi\u00f3 que los ni\u00f1os con discapacidades pasan mucho tiempo sentados, lo que puede tener consecuencias negativas para la salud. Sin la capacidad de caminar, muchos ni\u00f1os simplemente no tienen forma de hacer ejercicio y mantenerse activos.<\/span><\/p>\n<\/div>\n<p>&nbsp;<\/p>\n<p>[\/et_pb_text][\/et_pb_column][et_pb_column type=\u00bb1_3&#8243; _builder_version=\u00bb4.7.7&#8243; _module_preset=\u00bbdefault\u00bb][et_pb_image src=\u00bbhttps:\/\/afdamericas.com\/wp-content\/uploads\/2021\/04\/LowRes-9328-1.jpg\u00bb title_text=\u00bbLowRes-9328-1&#8243; align=\u00bbcenter\u00bb _builder_version=\u00bb4.7.7&#8243; _module_preset=\u00bbdefault\u00bb custom_padding=\u00bb||||false|false\u00bb border_width_all=\u00bb1px\u00bb border_color_all=\u00bbrgba(51,51,51,0.25)\u00bb box_shadow_style=\u00bbpreset3&#8243;][\/et_pb_image][\/et_pb_column][\/et_pb_row][et_pb_row column_structure=\u00bb2_3,1_3&#8243; _builder_version=\u00bb4.7.7&#8243; _module_preset=\u00bbdefault\u00bb][et_pb_column type=\u00bb2_3&#8243; _builder_version=\u00bb4.7.7&#8243; _module_preset=\u00bbdefault\u00bb][et_pb_text _builder_version=\u00bb4.7.7&#8243; _module_preset=\u00bbdefault\u00bb]<\/p>\n<h2>Construyendo una soluci\u00f3n para ni\u00f1os<\/h2>\n<p>Manmeet ten\u00eda un profundo deseo de ayudar a su sobrino, as\u00ed que le pidi\u00f3 a su amigo Rahul que lo ayudara. Sab\u00edan sobre Ironman y ambos estudiaron rob\u00f3tica en la Universidad de Waterloo, \u00a1as\u00ed que construir un robot para ayudar a Praneit ten\u00eda mucho sentido! Entonces, Trexo naci\u00f3 y evolucion\u00f3 con el tiempo hasta convertirse en el producto que ve hoy.<\/p>\n<p>La historia especial de Trexo ha jugado un papel importante en nuestros valores y misi\u00f3n. Dise\u00f1amos todo pensando en la comodidad y las necesidades de un ni\u00f1o. Con cada ni\u00f1o que usa Trexo, el dispositivo mejora.<\/p>\n<p>Este enfoque para la creaci\u00f3n conjunta de nuestros dispositivos con ni\u00f1os, padres y fisioterapeutas est\u00e1 profundamente arraigado en la forma en que pensamos en las soluciones. Al final del d\u00eda, nuestro objetivo es crear tecnolog\u00edas en las que los fisioterapeutas conf\u00eden, los padres puedan pagar y los ni\u00f1os adoren.<\/p>\n<p>Finalmente, despu\u00e9s de muchos meses de probar, dise\u00f1ar y probar de nuevo, Praneit consigui\u00f3 su propio Trexo. Manmee escribi\u00f3 sobre la experiencia de Praneit con Trexo Home y lo que signific\u00f3 para todo el equipo. \u00a1Tambi\u00e9n hemos compartido la historia de Trexo en el blog de Rifton ! \u00a0<\/p>\n<p>[\/et_pb_text][\/et_pb_column][et_pb_column type=\u00bb1_3&#8243; _builder_version=\u00bb4.7.7&#8243; _module_preset=\u00bbdefault\u00bb][et_pb_image src=\u00bbhttps:\/\/afdamericas.com\/wp-content\/uploads\/2021\/04\/20171018-IMG_4496.jpg\u00bb title_text=\u00bb20171018-IMG_4496&#8243; align=\u00bbcenter\u00bb _builder_version=\u00bb4.7.7&#8243; _module_preset=\u00bbdefault\u00bb custom_padding=\u00bb||||false|false\u00bb border_width_all=\u00bb1px\u00bb border_color_all=\u00bbrgba(51,51,51,0.25)\u00bb box_shadow_style=\u00bbpreset3&#8243;][\/et_pb_image][\/et_pb_column][\/et_pb_row][et_pb_row _builder_version=\u00bb4.7.7&#8243; _module_preset=\u00bbdefault\u00bb][et_pb_column type=\u00bb4_4&#8243; _builder_version=\u00bb4.7.7&#8243; _module_preset=\u00bbdefault\u00bb][\/et_pb_column][\/et_pb_row][\/et_pb_section]<\/p>\n","protected":false},"excerpt":{"rendered":"<p>[et_pb_section fb_built=\u00bb1&#8243; _builder_version=\u00bb4.7.7&#8243; _module_preset=\u00bbdefault\u00bb background_color=\u00bbrgba(0,0,0,0)\u00bb custom_padding=\u00bb11px|||||\u00bb][et_pb_row column_structure=\u00bb2_3,1_3&#8243; _builder_version=\u00bb4.7.7&#8243; _module_preset=\u00bbdefault\u00bb][et_pb_column type=\u00bb2_3&#8243; _builder_version=\u00bb4.7.7&#8243; _module_preset=\u00bbdefault\u00bb][et_pb_text _builder_version=\u00bb4.7.7&#8243; _module_preset=\u00bbdefault\u00bb] Trexo naci\u00f3 de una experiencia personal La historia de Trexo comienza en 2011 cuando Manmeet se enter\u00f3 de que a su sobrino, Praneit, le diagnosticaron par\u00e1lisis cerebral. Praneit no podr\u00eda caminar como resultado de su diagn\u00f3stico. Manmeet y su familia buscaron [&hellip;]<\/p>\n","protected":false},"author":3,"featured_media":0,"parent":0,"menu_order":0,"comment_status":"closed","ping_status":"closed","template":"","meta":{"_et_pb_use_builder":"on","_et_pb_old_content":"<!-- wp:divi\/placeholder \/-->","_et_gb_content_width":"","footnotes":""},"class_list":["post-1245","page","type-page","status-publish","hentry"],"_links":{"self":[{"href":"https:\/\/afdamericas.com\/index.php?rest_route=\/wp\/v2\/pages\/1245","targetHints":{"allow":["GET"]}}],"collection":[{"href":"https:\/\/afdamericas.com\/index.php?rest_route=\/wp\/v2\/pages"}],"about":[{"href":"https:\/\/afdamericas.com\/index.php?rest_route=\/wp\/v2\/types\/page"}],"author":[{"embeddable":true,"href":"https:\/\/afdamericas.com\/index.php?rest_route=\/wp\/v2\/users\/3"}],"replies":[{"embeddable":true,"href":"https:\/\/afdamericas.com\/index.php?rest_route=%2Fwp%2Fv2%2Fcomments&post=1245"}],"version-history":[{"count":4,"href":"https:\/\/afdamericas.com\/index.php?rest_route=\/wp\/v2\/pages\/1245\/revisions"}],"predecessor-version":[{"id":2124,"href":"https:\/\/afdamericas.com\/index.php?rest_route=\/wp\/v2\/pages\/1245\/revisions\/2124"}],"wp:attachment":[{"href":"https:\/\/afdamericas.com\/index.php?rest_route=%2Fwp%2Fv2%2Fmedia&parent=1245"}],"curies":[{"name":"wp","href":"https:\/\/api.w.org\/{rel}","templated":true}]}}