{"id":1845,"date":"2021-06-23T02:28:10","date_gmt":"2021-06-23T02:28:10","guid":{"rendered":"https:\/\/dev.afd-chile.cl\/?page_id=1845"},"modified":"2021-07-17T16:57:31","modified_gmt":"2021-07-17T16:57:31","slug":"stim-router","status":"publish","type":"page","link":"https:\/\/afdamericas.com\/?page_id=1845","title":{"rendered":"StimRouter"},"content":{"rendered":"<p>[et_pb_section fb_built=\u00bb1&#8243; _builder_version=\u00bb4.7.7&#8243; _module_preset=\u00bbdefault\u00bb custom_margin=\u00bb0px||||false|false\u00bb custom_padding=\u00bb0px||||false|false\u00bb][et_pb_row _builder_version=\u00bb4.7.7&#8243; _module_preset=\u00bbdefault\u00bb][et_pb_column type=\u00bb4_4&#8243; _builder_version=\u00bb4.7.7&#8243; _module_preset=\u00bbdefault\u00bb][et_pb_image src=\u00bbhttps:\/\/afdamericas.com\/wp-content\/uploads\/2021\/06\/StimrouterLogo.jpeg\u00bb title_text=\u00bbStimrouterLogo\u00bb align=\u00bbcenter\u00bb _builder_version=\u00bb4.7.7&#8243; _module_preset=\u00bbdefault\u00bb module_alignment=\u00bbleft\u00bb][\/et_pb_image][\/et_pb_column][\/et_pb_row][et_pb_row column_structure=\u00bb1_3,1_3,1_3&#8243; _builder_version=\u00bb4.7.7&#8243; _module_preset=\u00bbdefault\u00bb custom_margin=\u00bb0px||||false|false\u00bb][et_pb_column type=\u00bb1_3&#8243; _builder_version=\u00bb4.7.7&#8243; _module_preset=\u00bbdefault\u00bb][et_pb_text _builder_version=\u00bb4.7.7&#8243; _module_preset=\u00bbdefault\u00bb]<\/p>\n<h4><span style=\"color: #33cccc;\"><strong>\u00bfCu\u00e1l es la ventaja de StimRouter?<\/strong><\/span><\/h4>\n<p><span style=\"color: #33cccc;\"><strong><\/strong><\/span><\/p>\n<h4><span>StimRouter puede minimizar los costos y el tiempo de recuperaci\u00f3n en comparaci\u00f3n con otros tratamientos m\u00e1s invasivos.<\/span><span>\u00a0<\/span><\/h4>\n<p><span><\/span><\/p>\n<ul>\n<li><span>Opci\u00f3n de tratamiento m\u00ednimamente invasivo a largo plazo.<\/span><\/li>\n<li><span>Sin bater\u00edas implantadas.<\/span><\/li>\n<li><span>Electrodo dise\u00f1ado para reducir la migraci\u00f3n.<\/span><\/li>\n<li><span>8 programas de estimulaci\u00f3n personalizados controlados por el paciente.<\/span><span><\/span><span><\/span><span><\/span><\/li>\n<\/ul>\n<p><img loading=\"lazy\" decoding=\"async\" src=\"https:\/\/afdamericas.com\/wp-content\/uploads\/2021\/07\/Bioness_Upscale-300x194.png\" width=\"300\" height=\"194\" alt=\"\" class=\"wp-image-1950 alignnone size-medium\" style=\"display: block; margin-left: auto; margin-right: auto;\" \/><span><\/span><\/p>\n<p>[\/et_pb_text][\/et_pb_column][et_pb_column type=\u00bb1_3&#8243; _builder_version=\u00bb4.7.7&#8243; _module_preset=\u00bbdefault\u00bb][et_pb_text _builder_version=\u00bb4.7.7&#8243; _module_preset=\u00bbdefault\u00bb]<\/p>\n<h4><strong><span style=\"color: #33cccc;\">\u00bfQui\u00e9n puede ser candidato para el sistema StimRouter?<\/span><\/strong><\/h4>\n<h4><span>Las aplicaciones de StimRouter pueden incluir afecciones de dolor cr\u00f3nico ubicadas en o relacionadas con:<\/span><span>\u00a0<\/span><span>\u00a0<\/span><\/h4>\n<ul>\n<li><span>Extremidades superiores o inferiores.<\/span><\/li>\n<li><span>S\u00edndromes de atrapamiento.<\/span><\/li>\n<li><span>Neuralgias intercostales.<\/span><\/li>\n<li><span>Otras lesiones o enfermedades perif\u00e9ricas.<\/span><br \/>\n<h4><img loading=\"lazy\" decoding=\"async\" src=\"https:\/\/afdamericas.com\/wp-content\/uploads\/2021\/07\/web-03-300x229.jpeg\" width=\"300\" height=\"229\" alt=\"\" class=\"wp-image-1958 alignnone size-medium\" style=\"display: block; margin-left: auto; margin-right: auto;\" \/><\/h4>\n<\/li>\n<\/ul>\n<p>[\/et_pb_text][\/et_pb_column][et_pb_column type=\u00bb1_3&#8243; _builder_version=\u00bb4.7.7&#8243; _module_preset=\u00bbdefault\u00bb][et_pb_text _builder_version=\u00bb4.7.7&#8243; _module_preset=\u00bbdefault\u00bb]<\/p>\n<h4><span style=\"color: #33cccc;\"><strong>\u00bfCu\u00e1les son los beneficios del sistema StimRouter?<\/strong><\/span><\/h4>\n<h4><span>El sistema StimRouter est\u00e1 dise\u00f1ado para adaptarse a los pacientes que tienen un estilo de vida activo y para capacitarlos con un control completo de su tratamiento de manejo del dolor.<\/span><span>\u00a0<\/span><span>\u00a0<\/span><\/h4>\n<ul>\n<li><span>Procedimiento ambulatorio de 15 a 20 minutos.<\/span><\/li>\n<li><span>Transmisor de pulso externo recargable peque\u00f1o y de bajo perfil.<\/span><\/li>\n<li><span>Programador de paciente inal\u00e1mbrico y port\u00e1til.<\/span><span><\/span><\/li>\n<\/ul>\n<p><span><img loading=\"lazy\" decoding=\"async\" src=\"https:\/\/afdamericas.com\/wp-content\/uploads\/2021\/07\/stimrouter-programmer-236x300.jpeg\" width=\"236\" height=\"300\" alt=\"\" class=\"wp-image-1957 alignnone size-medium\" style=\"display: block; margin-left: auto; margin-right: auto;\" srcset=\"https:\/\/afdamericas.com\/wp-content\/uploads\/2021\/07\/stimrouter-programmer-236x300.jpeg 236w, https:\/\/afdamericas.com\/wp-content\/uploads\/2021\/07\/stimrouter-programmer.jpeg 422w\" sizes=\"auto, (max-width: 236px) 100vw, 236px\" \/><\/span><\/p>\n<p>[\/et_pb_text][\/et_pb_column][\/et_pb_row][et_pb_row column_structure=\u00bb1_2,1_2&#8243; _builder_version=\u00bb4.7.7&#8243; _module_preset=\u00bbdefault\u00bb][et_pb_column type=\u00bb1_2&#8243; _builder_version=\u00bb4.7.7&#8243; _module_preset=\u00bbdefault\u00bb][et_pb_text _builder_version=\u00bb4.7.7&#8243; _module_preset=\u00bbdefault\u00bb]<\/p>\n<h4><span style=\"color: #33cccc;\"><strong>Vejiga hiperactiva<\/strong><\/span><\/h4>\n<p style=\"text-align: justify;\"><span>Stimrouter para OAB ha recibido su registro CE y es simplemente una tecnolog\u00eda de clase mundial. Adem\u00e1s de su facilidad de implantaci\u00f3n y uso por parte del paciente, es una estimulaci\u00f3n discreta y peque\u00f1a en el nervio tibial, pero tiene enormes beneficios y opciones de estilo de vida para el paciente.<\/span><span>\u00a0<\/span><\/p>\n<p><span>Nuevo estudio de investigaci\u00f3n<\/span><\/p>\n<p><span>Para el tratamiento de la vejiga hiperactiva (VH) en personas mayores de 22 a\u00f1os. Ver estudio<\/span><span>\u00a0<\/span><\/p>\n<p><span>Sobre el estudio<\/span><\/p>\n<p style=\"text-align: justify;\"><span>Se est\u00e1 llevando a cabo un ensayo cl\u00ednico en curso para evaluar la eficacia de la estimulaci\u00f3n de StimRouter para mejorar los s\u00edntomas de urgencia y frecuencia de la VH, as\u00ed como la seguridad de la terapia con StimRouter para la indicaci\u00f3n de la VH. Este extenso estudio de m\u00e1s de 2 a\u00f1os proporcionar\u00e1 informaci\u00f3n importante sobre la eficacia de StimRouter tanto para los profesionales sanitarios como para los pacientes, lo que les permitir\u00e1 comprender completamente el dispositivo y su capacidad antes de usarlo.<\/span><\/p>\n<p>[\/et_pb_text][\/et_pb_column][et_pb_column type=\u00bb1_2&#8243; _builder_version=\u00bb4.7.7&#8243; _module_preset=\u00bbdefault\u00bb][et_pb_image src=\u00bbhttps:\/\/afdamericas.com\/wp-content\/uploads\/2021\/07\/Screen-Shot-2021-06-23-at-11.52.21-PM.png\u00bb title_text=\u00bbScreen Shot 2021-06-23 at 11.52.21 PM\u00bb _builder_version=\u00bb4.7.7&#8243; _module_preset=\u00bbdefault\u00bb border_radii=\u00bbon|1px|1px|1px|1px\u00bb border_width_all=\u00bb1px\u00bb border_color_all=\u00bb#e0e0e0&#8243; box_shadow_style=\u00bbpreset3&#8243;][\/et_pb_image][\/et_pb_column][\/et_pb_row][et_pb_row _builder_version=\u00bb4.7.7&#8243; _module_preset=\u00bbdefault\u00bb][et_pb_column type=\u00bb4_4&#8243; _builder_version=\u00bb4.7.7&#8243; _module_preset=\u00bbdefault\u00bb][et_pb_text _builder_version=\u00bb4.7.7&#8243; _module_preset=\u00bbdefault\u00bb]<\/p>\n<h4><span style=\"color: #33cccc;\"><strong>Bioness StimRouter aprobado en Europa para tratar la incontinencia fecal<\/strong><\/span><span>\u00a0<\/span><\/h4>\n<p style=\"text-align: justify;\"><span>Bioness, una empresa de Valencia, California, obtuvo la aprobaci\u00f3n regulatoria europea para su sistema de neuromodulaci\u00f3n StimRouter para tratar la incontinencia fecal.<\/span><span>\u00a0<\/span><\/p>\n<p style=\"text-align: justify;\"><span>Acreditado previamente en la UE como herramienta para la gesti\u00f3n del dolor cr\u00f3nico y\u00a0<\/span><span>vejiga hiperactiva, la nueva indicaci\u00f3n ampl\u00eda significativamente las capacidades declaradas de este novedoso sistema de neuromodulaci\u00f3n.<\/span><span>\u00a0<\/span><\/p>\n<p style=\"text-align: justify;\"><span>Para el tratamiento de la incontinencia fecal, el sistema StimRouter se dirige al nervio tibial cerca del tobillo. Esto se logra gracias a un peque\u00f1o implante y un parche transmisor de pulso externo que se adhiere a la piel sobre el lugar donde se coloca el implante de cable electr\u00f3nico. Todo el procedimiento ambulatorio tarda unos treinta minutos en completarse y se basa en anestesia local.<\/span><\/p>\n<p style=\"text-align: justify;\"><span>\u00a0<\/span><span>\u201c<em>El StimRouter para la incontinencia fecal es un implante m\u00ednimamente invasivo y relativamente f\u00e1cil que coloca los electrodos de plomo junto al nervio tibial<\/em>\u201d, dijo la Dra. Concha P\u00e9rez, del Hospital Universitario de la Princesa de Madrid, en un comunicado de prensa de Bioness. \u201c<em>El paciente que implantamos, referido por el Dr. Cecilio Santander, gastroenter\u00f3logo, muestra una mejora importante y significativa en la calidad de vida del paciente con una vida libre de eventos de m\u00e1s del 90%<\/em>\u201d.<\/span><\/p>\n<p style=\"text-align: justify;\"><span>\u00a0<\/span><span>El paciente es enviado a casa con un control remoto que permite realizar ajustes en la cantidad de neuromodulaci\u00f3n que administra el StimRouter. Esto le permite al m\u00e9dico programar el dispositivo, pero el paciente a\u00fan tiene control sobre los niveles de estimulaci\u00f3n necesarios.<\/span><\/p>\n<p>[\/et_pb_text][\/et_pb_column][\/et_pb_row][et_pb_row _builder_version=\u00bb4.7.7&#8243; _module_preset=\u00bbdefault\u00bb][et_pb_column type=\u00bb4_4&#8243; _builder_version=\u00bb4.7.7&#8243; _module_preset=\u00bbdefault\u00bb][et_pb_image src=\u00bbhttps:\/\/afdamericas.com\/wp-content\/uploads\/2021\/07\/Bioness_Upscale.png\u00bb title_text=\u00bbBioness_Upscale\u00bb align=\u00bbcenter\u00bb _builder_version=\u00bb4.7.7&#8243; _module_preset=\u00bbdefault\u00bb box_shadow_style=\u00bbpreset3&#8243;][\/et_pb_image][\/et_pb_column][\/et_pb_row][et_pb_row _builder_version=\u00bb4.7.7&#8243; _module_preset=\u00bbdefault\u00bb hover_enabled=\u00bb0&#8243; cvdb_content_visibility_check=\u00bbis_user_logged_in()\u00bb sticky_enabled=\u00bb0&#8243;][et_pb_column type=\u00bb4_4&#8243; _builder_version=\u00bb4.7.7&#8243; _module_preset=\u00bbdefault\u00bb][et_pb_button button_url=\u00bbhttps:\/\/afdamericas.com\/wp-content\/uploads\/2021\/07\/SR-OverviewSpanish.pdf\u00bb url_new_window=\u00bbon\u00bb button_text=\u00bbDescargar overview\u00bb _builder_version=\u00bb4.7.7&#8243; _module_preset=\u00bbdefault\u00bb custom_button=\u00bbon\u00bb button_text_size=\u00bb14px\u00bb button_text_color=\u00bb#ffffff\u00bb button_bg_color=\u00bb#2eaec3&#8243;][\/et_pb_button][\/et_pb_column][\/et_pb_row][\/et_pb_section]<\/p>\n","protected":false},"excerpt":{"rendered":"<p>[et_pb_section fb_built=\u00bb1&#8243; _builder_version=\u00bb4.7.7&#8243; _module_preset=\u00bbdefault\u00bb custom_margin=\u00bb0px||||false|false\u00bb custom_padding=\u00bb0px||||false|false\u00bb][et_pb_row _builder_version=\u00bb4.7.7&#8243; _module_preset=\u00bbdefault\u00bb][et_pb_column type=\u00bb4_4&#8243; _builder_version=\u00bb4.7.7&#8243; _module_preset=\u00bbdefault\u00bb][et_pb_image src=\u00bbhttps:\/\/afdamericas.com\/wp-content\/uploads\/2021\/06\/StimrouterLogo.jpeg\u00bb title_text=\u00bbStimrouterLogo\u00bb align=\u00bbcenter\u00bb _builder_version=\u00bb4.7.7&#8243; _module_preset=\u00bbdefault\u00bb module_alignment=\u00bbleft\u00bb][\/et_pb_image][\/et_pb_column][\/et_pb_row][et_pb_row column_structure=\u00bb1_3,1_3,1_3&#8243; _builder_version=\u00bb4.7.7&#8243; _module_preset=\u00bbdefault\u00bb custom_margin=\u00bb0px||||false|false\u00bb][et_pb_column type=\u00bb1_3&#8243; _builder_version=\u00bb4.7.7&#8243; _module_preset=\u00bbdefault\u00bb][et_pb_text _builder_version=\u00bb4.7.7&#8243; _module_preset=\u00bbdefault\u00bb] \u00bfCu\u00e1l es la ventaja de StimRouter? StimRouter puede minimizar los costos y el tiempo de recuperaci\u00f3n en comparaci\u00f3n con otros tratamientos m\u00e1s invasivos.\u00a0 Opci\u00f3n de tratamiento m\u00ednimamente invasivo a [&hellip;]<\/p>\n","protected":false},"author":4,"featured_media":0,"parent":0,"menu_order":0,"comment_status":"closed","ping_status":"closed","template":"","meta":{"_et_pb_use_builder":"on","_et_pb_old_content":"","_et_gb_content_width":"","footnotes":""},"class_list":["post-1845","page","type-page","status-publish","hentry"],"_links":{"self":[{"href":"https:\/\/afdamericas.com\/index.php?rest_route=\/wp\/v2\/pages\/1845","targetHints":{"allow":["GET"]}}],"collection":[{"href":"https:\/\/afdamericas.com\/index.php?rest_route=\/wp\/v2\/pages"}],"about":[{"href":"https:\/\/afdamericas.com\/index.php?rest_route=\/wp\/v2\/types\/page"}],"author":[{"embeddable":true,"href":"https:\/\/afdamericas.com\/index.php?rest_route=\/wp\/v2\/users\/4"}],"replies":[{"embeddable":true,"href":"https:\/\/afdamericas.com\/index.php?rest_route=%2Fwp%2Fv2%2Fcomments&post=1845"}],"version-history":[{"count":10,"href":"https:\/\/afdamericas.com\/index.php?rest_route=\/wp\/v2\/pages\/1845\/revisions"}],"predecessor-version":[{"id":2116,"href":"https:\/\/afdamericas.com\/index.php?rest_route=\/wp\/v2\/pages\/1845\/revisions\/2116"}],"wp:attachment":[{"href":"https:\/\/afdamericas.com\/index.php?rest_route=%2Fwp%2Fv2%2Fmedia&parent=1845"}],"curies":[{"name":"wp","href":"https:\/\/api.w.org\/{rel}","templated":true}]}}