{"id":1855,"date":"2021-06-23T02:31:12","date_gmt":"2021-06-23T02:31:12","guid":{"rendered":"https:\/\/dev.afd-chile.cl\/?page_id=1855"},"modified":"2021-07-01T05:15:50","modified_gmt":"2021-07-01T05:15:50","slug":"g3","status":"publish","type":"page","link":"https:\/\/afdamericas.com\/?page_id=1855","title":{"rendered":"G3"},"content":{"rendered":"<p>[et_pb_section fb_built=\u00bb1&#8243; _builder_version=\u00bb4.7.7&#8243; _module_preset=\u00bbdefault\u00bb custom_padding=\u00bb0px|||||\u00bb][et_pb_row _builder_version=\u00bb4.7.7&#8243; _module_preset=\u00bbdefault\u00bb][et_pb_column _builder_version=\u00bb4.7.7&#8243; _module_preset=\u00bbdefault\u00bb type=\u00bb4_4&#8243;][et_pb_text _builder_version=\u00bb4.7.7&#8243; _module_preset=\u00bbdefault\u00bb hover_enabled=\u00bb0&#8243; sticky_enabled=\u00bb0&#8243;]<\/p>\n<p style=\"text-align: justify;\"><span><strong>G3 Foot Drop Walker<\/strong> utiliza la \u00faltima tecnolog\u00eda de detecci\u00f3n MEMS y algoritmos inteligentes para controlar el tiempo y la duraci\u00f3n de la estimulaci\u00f3n el\u00e9ctrica mediante el seguimiento de la posici\u00f3n, el \u00e1ngulo y la velocidad del movimiento de la pantorrilla del paciente hacia adelante y hacia atr\u00e1s durante la marcha. El sistema estimula el\u00e9ctricamente el nervio peroneo com\u00fan y el m\u00fasculo tibial anterior y otros m\u00fasculos inervados por el nervio peroneo com\u00fan para controlar el tobillo y el pie para producir dorsiflexi\u00f3n o movimiento en valgo; Estos suaves impulsos el\u00e9ctricos estimulan los m\u00fasculos de la pierna afectada para hacer que el paciente Las pisadas del paciente se eleven en el momento adecuado durante cada caminata, haciendo que la marcha del paciente sea m\u00e1s estable, natural y segura.<\/span><\/p>\n<p>[\/et_pb_text][\/et_pb_column][\/et_pb_row][et_pb_row _builder_version=\u00bb4.7.7&#8243; _module_preset=\u00bbdefault\u00bb column_structure=\u00bb1_2,1_2&#8243;][et_pb_column _builder_version=\u00bb4.7.7&#8243; _module_preset=\u00bbdefault\u00bb type=\u00bb1_2&#8243;][et_pb_image src=\u00bbhttps:\/\/afdamericas.com\/wp-content\/uploads\/2021\/07\/2012030308223516_.jpg\u00bb _builder_version=\u00bb4.7.7&#8243; _module_preset=\u00bbdefault\u00bb title_text=\u00bb_2012030308223516_\u00bb hover_enabled=\u00bb0&#8243; sticky_enabled=\u00bb0&#8243;][\/et_pb_image][\/et_pb_column][et_pb_column _builder_version=\u00bb4.7.7&#8243; _module_preset=\u00bbdefault\u00bb type=\u00bb1_2&#8243;][et_pb_image src=\u00bbhttps:\/\/afdamericas.com\/wp-content\/uploads\/2021\/07\/001-scaled.jpg\u00bb _builder_version=\u00bb4.7.7&#8243; _module_preset=\u00bbdefault\u00bb title_text=\u00bb001&#8243; hover_enabled=\u00bb0&#8243; sticky_enabled=\u00bb0&#8243;][\/et_pb_image][\/et_pb_column][\/et_pb_row][et_pb_row _builder_version=\u00bb4.7.7&#8243; _module_preset=\u00bbdefault\u00bb][et_pb_column _builder_version=\u00bb4.7.7&#8243; _module_preset=\u00bbdefault\u00bb type=\u00bb4_4&#8243;][et_pb_text _builder_version=\u00bb4.7.7&#8243; _module_preset=\u00bbdefault\u00bb hover_enabled=\u00bb0&#8243; sticky_enabled=\u00bb0&#8243;]<\/p>\n<h4><span style=\"color: #33cccc;\"><strong>Anfitri\u00f3n y correa<\/strong><\/span><\/h4>\n<p style=\"text-align: justify;\"><span>El dise\u00f1o ergon\u00f3mico avanzado permite que los m\u00fasculos de las piernas hagan un buen contacto con las almohadillas de los electrodos. El dise\u00f1o ultrafino del anfitri\u00f3n puede cubrirse bien con pantalones. Hebilla magn\u00e9tica, conveniente para operaci\u00f3n y fijaci\u00f3n con una sola mano.<\/span><\/p>\n<p>[\/et_pb_text][\/et_pb_column][\/et_pb_row][et_pb_row _builder_version=\u00bb4.7.7&#8243; _module_preset=\u00bbdefault\u00bb column_structure=\u00bb1_4,1_4,1_4,1_4&#8243; hover_enabled=\u00bb0&#8243; sticky_enabled=\u00bb0&#8243;][et_pb_column _builder_version=\u00bb4.7.7&#8243; _module_preset=\u00bbdefault\u00bb type=\u00bb1_4&#8243;][et_pb_image src=\u00bbhttps:\/\/afdamericas.com\/wp-content\/uploads\/2021\/07\/Install_03.jpg\u00bb _builder_version=\u00bb4.7.7&#8243; _module_preset=\u00bbdefault\u00bb title_text=\u00bbInstall_03&#8243; hover_enabled=\u00bb0&#8243; sticky_enabled=\u00bb0&#8243;][\/et_pb_image][\/et_pb_column][et_pb_column _builder_version=\u00bb4.7.7&#8243; _module_preset=\u00bbdefault\u00bb type=\u00bb1_4&#8243;][et_pb_image src=\u00bbhttps:\/\/afdamericas.com\/wp-content\/uploads\/2021\/07\/Install_02.jpg\u00bb _builder_version=\u00bb4.7.7&#8243; _module_preset=\u00bbdefault\u00bb title_text=\u00bbInstall_02&#8243; hover_enabled=\u00bb0&#8243; sticky_enabled=\u00bb0&#8243;][\/et_pb_image][\/et_pb_column][et_pb_column _builder_version=\u00bb4.7.7&#8243; _module_preset=\u00bbdefault\u00bb type=\u00bb1_4&#8243;][et_pb_image src=\u00bbhttps:\/\/afdamericas.com\/wp-content\/uploads\/2021\/07\/XFT-2001D-Gel-electrode-pad-03-scaled.jpg\u00bb _builder_version=\u00bb4.7.7&#8243; _module_preset=\u00bbdefault\u00bb title_text=\u00bbXFT-2001D Gel electrode pad 03&#8243; hover_enabled=\u00bb0&#8243; sticky_enabled=\u00bb0&#8243;][\/et_pb_image][\/et_pb_column][et_pb_column _builder_version=\u00bb4.7.7&#8243; _module_preset=\u00bbdefault\u00bb type=\u00bb1_4&#8243;][et_pb_image src=\u00bbhttps:\/\/afdamericas.com\/wp-content\/uploads\/2021\/07\/Disassembly_02-scaled.jpg\u00bb _builder_version=\u00bb4.7.7&#8243; _module_preset=\u00bbdefault\u00bb title_text=\u00bbDisassembly_02&#8243; hover_enabled=\u00bb0&#8243; sticky_enabled=\u00bb0&#8243;][\/et_pb_image][\/et_pb_column][\/et_pb_row][et_pb_row _builder_version=\u00bb4.7.7&#8243; _module_preset=\u00bbdefault\u00bb][et_pb_column _builder_version=\u00bb4.7.7&#8243; _module_preset=\u00bbdefault\u00bb type=\u00bb4_4&#8243;][et_pb_text _builder_version=\u00bb4.7.7&#8243; _module_preset=\u00bbdefault\u00bb hover_enabled=\u00bb0&#8243; sticky_enabled=\u00bb0&#8243;]<\/p>\n<h4><span style=\"color: #33cccc;\"><strong>Electrodos r\u00e1pidos<\/strong><\/span><\/h4>\n<p style=\"text-align: justify;\"><span>\u00a0<\/span><span>Hoja de electrodo de posicionamiento r\u00e1pido patentada, dise\u00f1ada seg\u00fan la anatom\u00eda, la hoja de electrodo puede cubrir con precisi\u00f3n la posici\u00f3n del nervio peroneo com\u00fan. Hecho de material de fibra, el agua se usa como conductor, la experiencia del paciente es m\u00e1s c\u00f3moda y m\u00e1s duradera que la l\u00e1mina de electrodos GEL. Personal dedicado para evitar el riesgo de infecci\u00f3n cruzada, al mismo tiempo que protege la limpieza de la correa. El m\u00e9todo de instalaci\u00f3n del bot\u00f3n permite el f\u00e1cil reemplazo de la hoja del electrodo.<\/span><\/p>\n<p>[\/et_pb_text][\/et_pb_column][\/et_pb_row][et_pb_row _builder_version=\u00bb4.7.7&#8243; _module_preset=\u00bbdefault\u00bb column_structure=\u00bb1_2,1_2&#8243;][et_pb_column _builder_version=\u00bb4.7.7&#8243; _module_preset=\u00bbdefault\u00bb type=\u00bb1_2&#8243;][et_pb_image src=\u00bbhttps:\/\/afdamericas.com\/wp-content\/uploads\/2021\/07\/2-800.png\u00bb _builder_version=\u00bb4.7.7&#8243; _module_preset=\u00bbdefault\u00bb title_text=\u00bb2 800&#8243; hover_enabled=\u00bb0&#8243; sticky_enabled=\u00bb0&#8243;][\/et_pb_image][\/et_pb_column][et_pb_column _builder_version=\u00bb4.7.7&#8243; _module_preset=\u00bbdefault\u00bb type=\u00bb1_2&#8243;][et_pb_image src=\u00bbhttps:\/\/afdamericas.com\/wp-content\/uploads\/2021\/07\/004.jpg\u00bb _builder_version=\u00bb4.7.7&#8243; _module_preset=\u00bbdefault\u00bb title_text=\u00bb004&#8243; hover_enabled=\u00bb0&#8243; sticky_enabled=\u00bb0&#8243;][\/et_pb_image][\/et_pb_column][\/et_pb_row][et_pb_row _builder_version=\u00bb4.7.7&#8243; _module_preset=\u00bbdefault\u00bb column_structure=\u00bb3_5,2_5&#8243; hover_enabled=\u00bb0&#8243; sticky_enabled=\u00bb0&#8243;][et_pb_column _builder_version=\u00bb4.7.7&#8243; _module_preset=\u00bbdefault\u00bb type=\u00bb3_5&#8243;][et_pb_text _builder_version=\u00bb4.7.7&#8243; _module_preset=\u00bbdefault\u00bb hover_enabled=\u00bb0&#8243; sticky_enabled=\u00bb0&#8243;]<\/p>\n<h4><span style=\"color: #33cccc;\"><strong>Los siguientes efectos se pueden lograr a trav\u00e9s del entrenamiento de rehabilitaci\u00f3n.<\/strong><\/span><span>\u00a0<\/span><span>\u00a0<\/span><\/h4>\n<ol>\n<li><span>Mejorar la capacidad para caminar, mejorar la marcha y el ritmo.<\/span>\u00a0<\/li>\n<li><span>Mejora la seguridad al caminar<\/span>.<\/li>\n<li><span>Mejorar la estabilidad din\u00e1mica de articulaciones o m\u00fasculos.<\/span>\u00a0<\/li>\n<li><span>Asistencia biomec\u00e1nica para reducir el consumo energ\u00e9tico.<\/span><\/li>\n<li><span>Mejorar la capacidad para caminar en terrenos irregulares o complicados.<\/span>\u00a0<\/li>\n<li><span>Mejorar la coordinaci\u00f3n y el equilibrio; mejorar la fuerza muscular y la contracci\u00f3n voluntaria.<\/span><\/li>\n<li><span>Caminar reduciendo el consumo de energ\u00eda; reducir la condici\u00f3n del estado de espasticidad.<\/span><\/li>\n<li>Mejorar la movilidad o las actividades independientes de la vida diaria.<\/li>\n<\/ol>\n<p>[\/et_pb_text][\/et_pb_column][et_pb_column _builder_version=\u00bb4.7.7&#8243; _module_preset=\u00bbdefault\u00bb type=\u00bb2_5&#8243;][et_pb_image src=\u00bbhttps:\/\/afdamericas.com\/wp-content\/uploads\/2021\/07\/2012030308220284.jpg\u00bb _builder_version=\u00bb4.7.7&#8243; _module_preset=\u00bbdefault\u00bb title_text=\u00bb_2012030308220284+\u00bb hover_enabled=\u00bb0&#8243; sticky_enabled=\u00bb0&#8243; align=\u00bbcenter\u00bb][\/et_pb_image][\/et_pb_column][\/et_pb_row][et_pb_row _builder_version=\u00bb4.7.7&#8243; _module_preset=\u00bbdefault\u00bb hover_enabled=\u00bb0&#8243; sticky_enabled=\u00bb0&#8243;][et_pb_column _builder_version=\u00bb4.7.7&#8243; _module_preset=\u00bbdefault\u00bb type=\u00bb4_4&#8243;][\/et_pb_column][\/et_pb_row][\/et_pb_section]<\/p>\n","protected":false},"excerpt":{"rendered":"<p>[et_pb_section fb_built=\u00bb1&#8243; _builder_version=\u00bb4.7.7&#8243; _module_preset=\u00bbdefault\u00bb custom_padding=\u00bb0px|||||\u00bb][et_pb_row _builder_version=\u00bb4.7.7&#8243; _module_preset=\u00bbdefault\u00bb][et_pb_column _builder_version=\u00bb4.7.7&#8243; _module_preset=\u00bbdefault\u00bb type=\u00bb4_4&#8243;][et_pb_text _builder_version=\u00bb4.7.7&#8243; _module_preset=\u00bbdefault\u00bb hover_enabled=\u00bb0&#8243; sticky_enabled=\u00bb0&#8243;] G3 Foot Drop Walker utiliza la \u00faltima tecnolog\u00eda de detecci\u00f3n MEMS y algoritmos inteligentes para controlar el tiempo y la duraci\u00f3n de la estimulaci\u00f3n el\u00e9ctrica mediante el seguimiento de la posici\u00f3n, el \u00e1ngulo y la velocidad del movimiento de la pantorrilla [&hellip;]<\/p>\n","protected":false},"author":4,"featured_media":0,"parent":0,"menu_order":0,"comment_status":"closed","ping_status":"closed","template":"","meta":{"_et_pb_use_builder":"on","_et_pb_old_content":"<!-- wp:divi\/placeholder \/-->","_et_gb_content_width":"","footnotes":""},"class_list":["post-1855","page","type-page","status-publish","hentry"],"_links":{"self":[{"href":"https:\/\/afdamericas.com\/index.php?rest_route=\/wp\/v2\/pages\/1855","targetHints":{"allow":["GET"]}}],"collection":[{"href":"https:\/\/afdamericas.com\/index.php?rest_route=\/wp\/v2\/pages"}],"about":[{"href":"https:\/\/afdamericas.com\/index.php?rest_route=\/wp\/v2\/types\/page"}],"author":[{"embeddable":true,"href":"https:\/\/afdamericas.com\/index.php?rest_route=\/wp\/v2\/users\/4"}],"replies":[{"embeddable":true,"href":"https:\/\/afdamericas.com\/index.php?rest_route=%2Fwp%2Fv2%2Fcomments&post=1855"}],"version-history":[{"count":4,"href":"https:\/\/afdamericas.com\/index.php?rest_route=\/wp\/v2\/pages\/1855\/revisions"}],"predecessor-version":[{"id":2009,"href":"https:\/\/afdamericas.com\/index.php?rest_route=\/wp\/v2\/pages\/1855\/revisions\/2009"}],"wp:attachment":[{"href":"https:\/\/afdamericas.com\/index.php?rest_route=%2Fwp%2Fv2%2Fmedia&parent=1855"}],"curies":[{"name":"wp","href":"https:\/\/api.w.org\/{rel}","templated":true}]}}