{"id":1877,"date":"2021-06-23T02:44:53","date_gmt":"2021-06-23T02:44:53","guid":{"rendered":"https:\/\/dev.afd-chile.cl\/?page_id=1877"},"modified":"2021-07-21T01:15:12","modified_gmt":"2021-07-21T05:15:12","slug":"smartfit","status":"publish","type":"page","link":"https:\/\/afdamericas.com\/?page_id=1877","title":{"rendered":"Smartfit"},"content":{"rendered":"<p>[et_pb_section fb_built=\u00bb1&#8243; _builder_version=\u00bb4.7.7&#8243; _module_preset=\u00bbdefault\u00bb][et_pb_row _builder_version=\u00bb4.7.7&#8243; _module_preset=\u00bbdefault\u00bb column_structure=\u00bb1_2,1_2&#8243; hover_enabled=\u00bb0&#8243; sticky_enabled=\u00bb0&#8243;][et_pb_column _builder_version=\u00bb4.7.7&#8243; _module_preset=\u00bbdefault\u00bb type=\u00bb1_2&#8243; position_origin_r=\u00bbbottom_left\u00bb vertical_offset=\u00bb0px\u00bb hover_enabled=\u00bb0&#8243; sticky_enabled=\u00bb0&#8243;][et_pb_text _builder_version=\u00bb4.7.7&#8243; _module_preset=\u00bbdefault\u00bb hover_enabled=\u00bb0&#8243; sticky_enabled=\u00bb0&#8243;]<\/p>\n<h1 style=\"text-align: center;\">SMARTfit Neuro Gym de doble tarea<\/h1>\n<p>[\/et_pb_text][\/et_pb_column][et_pb_column _builder_version=\u00bb4.7.7&#8243; _module_preset=\u00bbdefault\u00bb type=\u00bb1_2&#8243;][et_pb_image src=\u00bbhttps:\/\/afdamericas.com\/wp-content\/uploads\/2021\/07\/SMARTFIT-LOGO-2020-boxed-300&#215;113-1.png\u00bb _builder_version=\u00bb4.7.7&#8243; _module_preset=\u00bbdefault\u00bb title_text=\u00bbSMARTFIT-LOGO-2020-boxed-300&#215;113&#8243; align=\u00bbright\u00bb hover_enabled=\u00bb0&#8243; sticky_enabled=\u00bb0&#8243;][\/et_pb_image][\/et_pb_column][\/et_pb_row][et_pb_row _builder_version=\u00bb4.7.7&#8243; _module_preset=\u00bbdefault\u00bb][et_pb_column _builder_version=\u00bb4.7.7&#8243; _module_preset=\u00bbdefault\u00bb type=\u00bb4_4&#8243;][et_pb_image src=\u00bbhttps:\/\/afdamericas.com\/wp-content\/uploads\/2021\/07\/blog-cognitive-decline.jpeg\u00bb _builder_version=\u00bb4.7.7&#8243; _module_preset=\u00bbdefault\u00bb hover_enabled=\u00bb0&#8243; sticky_enabled=\u00bb0&#8243; title_text=\u00bbblog-cognitive-decline\u00bb align=\u00bbcenter\u00bb][\/et_pb_image][\/et_pb_column][\/et_pb_row][et_pb_row _builder_version=\u00bb4.7.7&#8243; _module_preset=\u00bbdefault\u00bb][et_pb_column _builder_version=\u00bb4.7.7&#8243; _module_preset=\u00bbdefault\u00bb type=\u00bb4_4&#8243;][et_pb_text _builder_version=\u00bb4.7.7&#8243; _module_preset=\u00bbdefault\u00bb hover_enabled=\u00bb0&#8243; sticky_enabled=\u00bb0&#8243;]<\/p>\n<p>Ofrece entrenamiento cognitivo-motor mejorado en todas y cada una de las disciplinas terap\u00e9uticas, incluidas las aplicaciones de fisioterapia, terapia ocupacional y terapia del habla.\u00a0<\/p>\n<p>\u00abSMARTfit es la \u00fanica tecnolog\u00eda que puede escalar la demanda cognitiva mientras ejecuta al mismo tiempo una amplia variedad de movimientos y habilidades f\u00edsicas.<\/p>\n<p>\u00a0Los incrementos progresivos en la demanda cognitiva al mismo tiempo que se escalan las demandas f\u00edsicas aseguran la nivelaci\u00f3n y previenen el abrumador o el aburrimiento.<\/p>\n<p>\u00a0Esto permite que el concepto de oferta y demanda produzca resultados \u00f3ptimos para la neuroplasticidad. Esto se aplica a nuevos aprendizajes, recuperaciones y prevenciones \u00ab.<\/p>\n<p style=\"text-align: center;\"><em> Mike Studer, PT, experto de renombre mundial en doble tarea.<\/em><\/p>\n<p>[\/et_pb_text][\/et_pb_column][\/et_pb_row][et_pb_row _builder_version=\u00bb4.7.7&#8243; _module_preset=\u00bbdefault\u00bb][et_pb_column _builder_version=\u00bb4.7.7&#8243; _module_preset=\u00bbdefault\u00bb type=\u00bb4_4&#8243;][et_pb_text _builder_version=\u00bb4.7.7&#8243; _module_preset=\u00bbdefault\u00bb hover_enabled=\u00bb0&#8243; sticky_enabled=\u00bb0&#8243;]<\/p>\n<h1>Aplicaciones<\/h1>\n<p>[\/et_pb_text][\/et_pb_column][\/et_pb_row][et_pb_row _builder_version=\u00bb4.7.7&#8243; _module_preset=\u00bbdefault\u00bb column_structure=\u00bb1_4,1_4,1_4,1_4&#8243; hover_enabled=\u00bb0&#8243; sticky_enabled=\u00bb0&#8243;][et_pb_column _builder_version=\u00bb4.7.7&#8243; _module_preset=\u00bbdefault\u00bb type=\u00bb1_4&#8243; hover_enabled=\u00bb0&#8243; sticky_enabled=\u00bb0&#8243;][et_pb_text _builder_version=\u00bb4.7.7&#8243; _module_preset=\u00bbdefault\u00bb hover_enabled=\u00bb0&#8243; sticky_enabled=\u00bb0&#8243;]<\/p>\n<h3><strong>Orthopedic<\/strong><\/h3>\n<p><span>Ejercicios de rehabilitaci\u00f3n ortop\u00e9dica de doble funcion desarrollados por expertos de la industria<\/span><\/p>\n<p>[\/et_pb_text][\/et_pb_column][et_pb_column _builder_version=\u00bb4.7.7&#8243; _module_preset=\u00bbdefault\u00bb type=\u00bb1_4&#8243; hover_enabled=\u00bb0&#8243; sticky_enabled=\u00bb0&#8243;][et_pb_image src=\u00bbhttps:\/\/afdamericas.com\/wp-content\/uploads\/2021\/07\/Screen-Shot-2021-07-07-at-11.27.21-AM.png\u00bb _builder_version=\u00bb4.7.7&#8243; _module_preset=\u00bbdefault\u00bb hover_enabled=\u00bb0&#8243; sticky_enabled=\u00bb0&#8243; title_text=\u00bbScreen Shot 2021-07-07 at 11.27.21 AM\u00bb][\/et_pb_image][\/et_pb_column][et_pb_column _builder_version=\u00bb4.7.7&#8243; _module_preset=\u00bbdefault\u00bb type=\u00bb1_4&#8243; hover_enabled=\u00bb0&#8243; sticky_enabled=\u00bb0&#8243;][et_pb_text _builder_version=\u00bb4.7.7&#8243; _module_preset=\u00bbdefault\u00bb hover_enabled=\u00bb0&#8243; sticky_enabled=\u00bb0&#8243;]<\/p>\n<h3><strong>Salud del cerebro \/ Bienestar m\u00e9dico<\/strong><\/h3>\n<p>Involucrar ejercicios de salud cerebral de doble tarea para retrasar el inicio del envejecimiento<\/p>\n<p>[\/et_pb_text][\/et_pb_column][et_pb_column _builder_version=\u00bb4.7.7&#8243; _module_preset=\u00bbdefault\u00bb type=\u00bb1_4&#8243; hover_enabled=\u00bb0&#8243; sticky_enabled=\u00bb0&#8243;][et_pb_image src=\u00bbhttps:\/\/afdamericas.com\/wp-content\/uploads\/2021\/07\/Screen-Shot-2021-07-07-at-11.27.11-AM.png\u00bb _builder_version=\u00bb4.7.7&#8243; _module_preset=\u00bbdefault\u00bb hover_enabled=\u00bb0&#8243; sticky_enabled=\u00bb0&#8243; title_text=\u00bbScreen Shot 2021-07-07 at 11.27.11 AM\u00bb][\/et_pb_image][\/et_pb_column][\/et_pb_row][et_pb_row _builder_version=\u00bb4.7.7&#8243; _module_preset=\u00bbdefault\u00bb column_structure=\u00bb1_4,1_4,1_4,1_4&#8243; hover_enabled=\u00bb0&#8243; sticky_enabled=\u00bb0&#8243;][et_pb_column _builder_version=\u00bb4.7.7&#8243; _module_preset=\u00bbdefault\u00bb type=\u00bb1_4&#8243;][et_pb_text _builder_version=\u00bb4.7.7&#8243; _module_preset=\u00bbdefault\u00bb hover_enabled=\u00bb0&#8243; sticky_enabled=\u00bb0&#8243;]<\/p>\n<h3><strong>Neuro<\/strong><\/h3>\n<p>Ejercicios de rehabilitaci\u00f3n neurol\u00f3gica de doble tarea centrados en el accidente cerebrovascular, la conmoci\u00f3n cerebral y la integraci\u00f3n sensorial<\/p>\n<p>[\/et_pb_text][\/et_pb_column][et_pb_column _builder_version=\u00bb4.7.7&#8243; _module_preset=\u00bbdefault\u00bb type=\u00bb1_4&#8243;][et_pb_image src=\u00bbhttps:\/\/afdamericas.com\/wp-content\/uploads\/2021\/07\/Neha-SmartFit.jpeg\u00bb _builder_version=\u00bb4.7.7&#8243; _module_preset=\u00bbdefault\u00bb hover_enabled=\u00bb0&#8243; sticky_enabled=\u00bb0&#8243; title_text=\u00bbNeha-SmartFit\u00bb][\/et_pb_image][\/et_pb_column][et_pb_column _builder_version=\u00bb4.7.7&#8243; _module_preset=\u00bbdefault\u00bb type=\u00bb1_4&#8243; hover_enabled=\u00bb0&#8243; sticky_enabled=\u00bb0&#8243;][et_pb_text _builder_version=\u00bb4.7.7&#8243; _module_preset=\u00bbdefault\u00bb hover_enabled=\u00bb0&#8243; sticky_enabled=\u00bb0&#8243;]<\/p>\n<h3><strong>Motor \/ Vestibular<\/strong><\/h3>\n<p>Ejercicios de rehabilitaci\u00f3n motora de doble tarea para retrasar la aparici\u00f3n de la enfermedad de Parkinson<\/p>\n<p>[\/et_pb_text][\/et_pb_column][et_pb_column _builder_version=\u00bb4.7.7&#8243; _module_preset=\u00bbdefault\u00bb type=\u00bb1_4&#8243; hover_enabled=\u00bb0&#8243; sticky_enabled=\u00bb0&#8243;][et_pb_image src=\u00bbhttps:\/\/afdamericas.com\/wp-content\/uploads\/2021\/07\/Screen-Shot-2021-07-07-at-11.27.30-AM.png\u00bb _builder_version=\u00bb4.7.7&#8243; _module_preset=\u00bbdefault\u00bb hover_enabled=\u00bb0&#8243; sticky_enabled=\u00bb0&#8243; title_text=\u00bbScreen Shot 2021-07-07 at 11.27.30 AM\u00bb][\/et_pb_image][\/et_pb_column][\/et_pb_row][et_pb_row _builder_version=\u00bb4.7.7&#8243; _module_preset=\u00bbdefault\u00bb][et_pb_column _builder_version=\u00bb4.7.7&#8243; _module_preset=\u00bbdefault\u00bb type=\u00bb4_4&#8243;][et_pb_text _builder_version=\u00bb4.7.7&#8243; _module_preset=\u00bbdefault\u00bb hover_enabled=\u00bb0&#8243; sticky_enabled=\u00bb0&#8243;]<\/p>\n<h1>C\u00f3mo funciona<\/h1>\n<p>[\/et_pb_text][\/et_pb_column][\/et_pb_row][et_pb_row _builder_version=\u00bb4.7.7&#8243; _module_preset=\u00bbdefault\u00bb][et_pb_column _builder_version=\u00bb4.7.7&#8243; _module_preset=\u00bbdefault\u00bb type=\u00bb4_4&#8243;][et_pb_text _builder_version=\u00bb4.7.7&#8243; _module_preset=\u00bbdefault\u00bb hover_enabled=\u00bb0&#8243; sticky_enabled=\u00bb0&#8243;]<\/p>\n<h3>Realice el viaje de doble tarea de SMARTfit hacia la salud cognitivo-motora<\/h3>\n<p>Comienza con un juego que desencadena el deseo de jugar.\u00a0Luego, a trav\u00e9s de una repetici\u00f3n altamente atractiva impulsada por el deseo de lograr, evoluciona r\u00e1pidamente hacia una acci\u00f3n h\u00e1bil sin pensamiento consciente (automaticidad).<\/p>\n<p>Las pantallas objetivo sensibilizadas de SMARTfit combinan de forma natural el enfoque, la toma de decisiones y la interacci\u00f3n motora en habilidades en cualquier nivel.<\/p>\n<h3 style=\"text-align: center;\"><strong>Medir &#8211; Reparar &#8211; Prevenir &#8211; Lento &#8211; Realizar<\/strong><\/h3>\n<p>[\/et_pb_text][\/et_pb_column][\/et_pb_row][et_pb_row _builder_version=\u00bb4.7.7&#8243; _module_preset=\u00bbdefault\u00bb column_structure=\u00bb1_3,1_3,1_3&#8243; custom_padding=\u00bb0px|||||\u00bb][et_pb_column _builder_version=\u00bb4.7.7&#8243; _module_preset=\u00bbdefault\u00bb type=\u00bb1_3&#8243;][\/et_pb_column][et_pb_column _builder_version=\u00bb4.7.7&#8243; _module_preset=\u00bbdefault\u00bb type=\u00bb1_3&#8243;][et_pb_text _builder_version=\u00bb4.7.7&#8243; _module_preset=\u00bbdefault\u00bb hover_enabled=\u00bb0&#8243; sticky_enabled=\u00bb0&#8243; custom_margin=\u00bb|-169px||-170px||\u00bb]<\/p>\n<ul>\n<li><strong>Medir<\/strong>\u00a0\u00a0: funci\u00f3n cognitiva mientras se mueve.<\/li>\n<li><strong>Reparaci\u00f3n<\/strong>\u00a0\u00a0: rehabilitaci\u00f3n ortop\u00e9dica \/ neurol\u00f3gica, vida asistida y espectro del autismo, deportes de regreso a la pr\u00e1ctica.<\/li>\n<li><strong>Prevenir<\/strong>\u00a0\u00a0: la p\u00e9rdida de las ADL (actividades de la vida diaria).<\/li>\n<li><strong>Lento<\/strong>\u00a0\u00a0: inicio de DCL \/ demencia.<\/li>\n<li><strong>Actuaci\u00f3n<\/strong>\u00a0\u00a0: deportes, fitness, desarrollo juvenil.<\/li>\n<\/ul>\n<p>[\/et_pb_text][\/et_pb_column][et_pb_column _builder_version=\u00bb4.7.7&#8243; _module_preset=\u00bbdefault\u00bb type=\u00bb1_3&#8243;][\/et_pb_column][\/et_pb_row][et_pb_row _builder_version=\u00bb4.7.7&#8243; _module_preset=\u00bbdefault\u00bb][et_pb_column _builder_version=\u00bb4.7.7&#8243; _module_preset=\u00bbdefault\u00bb type=\u00bb4_4&#8243;][et_pb_text _builder_version=\u00bb4.7.7&#8243; _module_preset=\u00bbdefault\u00bb hover_enabled=\u00bb0&#8243; sticky_enabled=\u00bb0&#8243;]<\/p>\n<h1>Aplicaciones de fisioterapia SMARTfit<\/h1>\n<ul>\n<li>Equilibrio y vestibular<\/li>\n<li>Entrenamiento de la marcha y antes de la marcha<\/li>\n<li>Trastornos del movimiento y acondicionamiento cardiovascular<\/li>\n<li>Mejorar la concentraci\u00f3n, la toma de decisiones y la resoluci\u00f3n de problemas.<\/li>\n<li>Mejora el tiempo de reacci\u00f3n, la atenci\u00f3n visual y la memoria.<\/li>\n<\/ul>\n<p>[\/et_pb_text][\/et_pb_column][\/et_pb_row][et_pb_row _builder_version=\u00bb4.7.7&#8243; _module_preset=\u00bbdefault\u00bb][et_pb_column _builder_version=\u00bb4.7.7&#8243; _module_preset=\u00bbdefault\u00bb type=\u00bb4_4&#8243;][et_pb_image src=\u00bbhttps:\/\/afdamericas.com\/wp-content\/uploads\/2021\/07\/031_cognitive_speed_training_smart_fit.jpeg\u00bb _builder_version=\u00bb4.7.7&#8243; _module_preset=\u00bbdefault\u00bb title_text=\u00bb031_cognitive_speed_training_smart_fit\u00bb hover_enabled=\u00bb0&#8243; sticky_enabled=\u00bb0&#8243; align=\u00bbcenter\u00bb][\/et_pb_image][\/et_pb_column][\/et_pb_row][et_pb_row _builder_version=\u00bb4.7.7&#8243; _module_preset=\u00bbdefault\u00bb][et_pb_column _builder_version=\u00bb4.7.7&#8243; _module_preset=\u00bbdefault\u00bb type=\u00bb4_4&#8243;][et_pb_text _builder_version=\u00bb4.7.7&#8243; _module_preset=\u00bbdefault\u00bb hover_enabled=\u00bb0&#8243; sticky_enabled=\u00bb0&#8243;]<\/p>\n<h3 style=\"text-align: center;\">Atletas, conozcan a su partido sin importar lo bueno que sean<\/h3>\n<p style=\"text-align: center;\">Habilidades de reacci\u00f3n<\/p>\n<p style=\"text-align: center;\">Juego de piernas<\/p>\n<p style=\"text-align: center;\">Coordinaci\u00f3n mano-ojo<\/p>\n<p style=\"text-align: center;\">Control \/ precisi\u00f3n del bal\u00f3n<\/p>\n<p style=\"text-align: center;\">Velocidad<\/p>\n<p style=\"text-align: center;\">Deportes para volver a jugar<\/p>\n<p>[\/et_pb_text][\/et_pb_column][\/et_pb_row][\/et_pb_section]<\/p>\n","protected":false},"excerpt":{"rendered":"<p>[et_pb_section fb_built=\u00bb1&#8243; _builder_version=\u00bb4.7.7&#8243; _module_preset=\u00bbdefault\u00bb][et_pb_row _builder_version=\u00bb4.7.7&#8243; _module_preset=\u00bbdefault\u00bb column_structure=\u00bb1_2,1_2&#8243; hover_enabled=\u00bb0&#8243; sticky_enabled=\u00bb0&#8243;][et_pb_column _builder_version=\u00bb4.7.7&#8243; _module_preset=\u00bbdefault\u00bb type=\u00bb1_2&#8243; position_origin_r=\u00bbbottom_left\u00bb vertical_offset=\u00bb0px\u00bb hover_enabled=\u00bb0&#8243; sticky_enabled=\u00bb0&#8243;][et_pb_text _builder_version=\u00bb4.7.7&#8243; _module_preset=\u00bbdefault\u00bb hover_enabled=\u00bb0&#8243; sticky_enabled=\u00bb0&#8243;] SMARTfit Neuro Gym de doble tarea [\/et_pb_text][\/et_pb_column][et_pb_column _builder_version=\u00bb4.7.7&#8243; _module_preset=\u00bbdefault\u00bb type=\u00bb1_2&#8243;][et_pb_image src=\u00bbhttps:\/\/afdamericas.com\/wp-content\/uploads\/2021\/07\/SMARTFIT-LOGO-2020-boxed-300&#215;113-1.png\u00bb _builder_version=\u00bb4.7.7&#8243; _module_preset=\u00bbdefault\u00bb title_text=\u00bbSMARTFIT-LOGO-2020-boxed-300&#215;113&#8243; align=\u00bbright\u00bb hover_enabled=\u00bb0&#8243; sticky_enabled=\u00bb0&#8243;][\/et_pb_image][\/et_pb_column][\/et_pb_row][et_pb_row _builder_version=\u00bb4.7.7&#8243; _module_preset=\u00bbdefault\u00bb][et_pb_column _builder_version=\u00bb4.7.7&#8243; _module_preset=\u00bbdefault\u00bb type=\u00bb4_4&#8243;][et_pb_image src=\u00bbhttps:\/\/afdamericas.com\/wp-content\/uploads\/2021\/07\/blog-cognitive-decline.jpeg\u00bb _builder_version=\u00bb4.7.7&#8243; _module_preset=\u00bbdefault\u00bb hover_enabled=\u00bb0&#8243; sticky_enabled=\u00bb0&#8243; title_text=\u00bbblog-cognitive-decline\u00bb align=\u00bbcenter\u00bb][\/et_pb_image][\/et_pb_column][\/et_pb_row][et_pb_row _builder_version=\u00bb4.7.7&#8243; _module_preset=\u00bbdefault\u00bb][et_pb_column _builder_version=\u00bb4.7.7&#8243; _module_preset=\u00bbdefault\u00bb type=\u00bb4_4&#8243;][et_pb_text _builder_version=\u00bb4.7.7&#8243; [&hellip;]<\/p>\n","protected":false},"author":4,"featured_media":0,"parent":0,"menu_order":0,"comment_status":"closed","ping_status":"closed","template":"","meta":{"_et_pb_use_builder":"on","_et_pb_old_content":"<!-- wp:divi\/placeholder \/-->","_et_gb_content_width":"","footnotes":""},"class_list":["post-1877","page","type-page","status-publish","hentry"],"_links":{"self":[{"href":"https:\/\/afdamericas.com\/index.php?rest_route=\/wp\/v2\/pages\/1877","targetHints":{"allow":["GET"]}}],"collection":[{"href":"https:\/\/afdamericas.com\/index.php?rest_route=\/wp\/v2\/pages"}],"about":[{"href":"https:\/\/afdamericas.com\/index.php?rest_route=\/wp\/v2\/types\/page"}],"author":[{"embeddable":true,"href":"https:\/\/afdamericas.com\/index.php?rest_route=\/wp\/v2\/users\/4"}],"replies":[{"embeddable":true,"href":"https:\/\/afdamericas.com\/index.php?rest_route=%2Fwp%2Fv2%2Fcomments&post=1877"}],"version-history":[{"count":4,"href":"https:\/\/afdamericas.com\/index.php?rest_route=\/wp\/v2\/pages\/1877\/revisions"}],"predecessor-version":[{"id":2160,"href":"https:\/\/afdamericas.com\/index.php?rest_route=\/wp\/v2\/pages\/1877\/revisions\/2160"}],"wp:attachment":[{"href":"https:\/\/afdamericas.com\/index.php?rest_route=%2Fwp%2Fv2%2Fmedia&parent=1877"}],"curies":[{"name":"wp","href":"https:\/\/api.w.org\/{rel}","templated":true}]}}